{"id":1305,"date":"2018-08-29T19:38:52","date_gmt":"2018-08-29T22:38:52","guid":{"rendered":"https:\/\/isfdyt48-bue.infd.edu.ar\/sitio\/estatuto-del-docente\/"},"modified":"2022-05-06T10:00:46","modified_gmt":"2022-05-06T13:00:46","slug":"estatuto-del-docente","status":"publish","type":"page","link":"https:\/\/isfdyt48-bue.infd.edu.ar\/sitio\/estatuto-del-docente\/","title":{"rendered":"Estatuto del docente"},"content":{"rendered":"\n<p>La Ley N\u00ba 10579 establece en su Articulo 1\u00ba: Apru\u00e9base el Estatuto del Docente abarcativo del personal que se desempe\u00f1a en todos los niveles, modalidades y especialidades de la Ense\u00f1anza y Organismos de Apoyo, cuyo texto como Anexo \u00danico forma parte de la presente ley.<\/p>\n\n\n\n<p>El Articulo 1\u00ba del citado Anexo \u00danico dice: El presente estatuto determina los deberes y derechos del personal docente que ejerce funciones en los establecimientos de ense\u00f1anza estatal, dependientes de la Direcci\u00f3n General de Escuelas y Cultura de la Provincia de Buenos Aires o en sus organismos, y cuyos cargos se encuentran comprendidos en el escalaf\u00f3n general que fija este estatuto.<\/p>\n\n\n\n<p>Para descargar el Estatuto del Docente click <a href=\"https:\/\/isfdyt48-bue.infd.edu.ar\/sitio\/wp-content\/uploads\/2022\/05\/Estatudo-Docente_Ley-10579.pdf\" target=\"_blank\" rel=\"noreferrer noopener\">aqu\u00ed<\/a><\/p>\n","protected":false},"excerpt":{"rendered":"<p>La Ley N\u00ba 10579 establece en su Articulo 1\u00ba: Apru\u00e9base el Estatuto del Docente abarcativo del personal que se desempe\u00f1a en todos los niveles, modalidades y especialidades de la Ense\u00f1anza y Organismos de Apoyo, cuyo texto como Anexo \u00danico forma parte de la presente ley. El Articulo 1\u00ba del citado Anexo \u00danico dice: El presente &#8230; <a title=\"Estatuto del docente\" class=\"read-more\" href=\"https:\/\/isfdyt48-bue.infd.edu.ar\/sitio\/estatuto-del-docente\/\" aria-label=\"More on Estatuto del docente\">[+]<\/a><\/p>\n","protected":false},"author":135,"featured_media":0,"parent":0,"menu_order":0,"comment_status":"closed","ping_status":"closed","template":"","meta":[],"acf":[],"_links":{"self":[{"href":"https:\/\/isfdyt48-bue.infd.edu.ar\/sitio\/wp-json\/wp\/v2\/pages\/1305"}],"collection":[{"href":"https:\/\/isfdyt48-bue.infd.edu.ar\/sitio\/wp-json\/wp\/v2\/pages"}],"about":[{"href":"https:\/\/isfdyt48-bue.infd.edu.ar\/sitio\/wp-json\/wp\/v2\/types\/page"}],"author":[{"embeddable":true,"href":"https:\/\/isfdyt48-bue.infd.edu.ar\/sitio\/wp-json\/wp\/v2\/users\/135"}],"replies":[{"embeddable":true,"href":"https:\/\/isfdyt48-bue.infd.edu.ar\/sitio\/wp-json\/wp\/v2\/comments?post=1305"}],"version-history":[{"count":4,"href":"https:\/\/isfdyt48-bue.infd.edu.ar\/sitio\/wp-json\/wp\/v2\/pages\/1305\/revisions"}],"predecessor-version":[{"id":5012,"href":"https:\/\/isfdyt48-bue.infd.edu.ar\/sitio\/wp-json\/wp\/v2\/pages\/1305\/revisions\/5012"}],"wp:attachment":[{"href":"https:\/\/isfdyt48-bue.infd.edu.ar\/sitio\/wp-json\/wp\/v2\/media?parent=1305"}],"curies":[{"name":"wp","href":"https:\/\/api.w.org\/{rel}","templated":true}]}}