{"id":1342,"date":"2018-08-29T19:39:07","date_gmt":"2018-08-29T22:39:07","guid":{"rendered":"https:\/\/isfdyt48-bue.infd.edu.ar\/sitio\/tecnicatura-superior-en-enfermeria\/"},"modified":"2023-05-09T08:14:40","modified_gmt":"2023-05-09T11:14:40","slug":"tecnicatura-superior-en-enfermeria","status":"publish","type":"page","link":"https:\/\/isfdyt48-bue.infd.edu.ar\/sitio\/tecnicatura-superior-en-enfermeria\/","title":{"rendered":"Tecnicatura Superior en Enfermeria"},"content":{"rendered":"\n<p class=\"has-normal-font-size\"><strong>Tecnicatura Superior en<\/strong> <strong>Enfermer\u00eda<\/strong><\/p>\n\n\n\n<p class=\"has-normal-font-size\"><strong>RM 546\/16<\/strong><\/p>\n\n\n\n<p class=\"has-normal-font-size\"><strong>Carga Horaria Total 2148 Hs<\/strong><\/p>\n\n\n<div class=\"wp-block-image\">\n<figure class=\"aligncenter size-full\"><img decoding=\"async\" loading=\"lazy\" width=\"770\" height=\"440\" src=\"https:\/\/isfdyt48-bue.infd.edu.ar\/sitio\/wp-content\/uploads\/2023\/05\/Plan-de-Estudios_TSENF.jpg\" alt=\"\" class=\"wp-image-5178\" srcset=\"https:\/\/isfdyt48-bue.infd.edu.ar\/sitio\/wp-content\/uploads\/2023\/05\/Plan-de-Estudios_TSENF.jpg 770w, https:\/\/isfdyt48-bue.infd.edu.ar\/sitio\/wp-content\/uploads\/2023\/05\/Plan-de-Estudios_TSENF-768x439.jpg 768w\" sizes=\"(max-width: 770px) 100vw, 770px\" \/><\/figure><\/div>\n\n\n<p>Podes Descargarlo <a href=\"https:\/\/isfdyt48-bue.infd.edu.ar\/sitio\/wp-content\/uploads\/2021\/09\/Plan-de-Estudios_TSENF.jpg\" target=\"_blank\" rel=\"noreferrer noopener\">aqu\u00ed<\/a><\/p>\n\n\n\n<figure class=\"wp-block-image size-large\"><img decoding=\"async\" src=\"https:\/\/isfdyt48-bue.infd.edu.ar\/sitio\/wp-content\/uploads\/2021\/09\/Correlatividades_TSENF-1.jpg\" alt=\"\"\/><\/figure>\n\n\n\n<p>Podes Descargarlo <a href=\"https:\/\/isfdyt48-bue.infd.edu.ar\/sitio\/wp-content\/uploads\/2021\/09\/Correlatividades_TSENF-1.jpg\" target=\"_blank\" rel=\"noreferrer noopener\">aqu\u00ed<\/a><\/p>\n\n\n\n<p><a href=\"https:\/\/isfdyt48-bue.infd.edu.ar\/sitio\/disenos-curriculares\/upload\/2017-546-16_Enfermeri_a_Nuevo_Disen_o.pdf\" target=\"_blank\" rel=\"noreferrer noopener\">Descargar Dise\u00f1o Curricular<\/a><\/p>\n\n\n\n<p><a href=\"https:\/\/isfdyt48-bue.infd.edu.ar\/sitio\/wp-content\/uploads\/2021\/09\/Perfil__y_rol_profesional_del_egresado_de_enfermeria.doc\" target=\"_blank\" rel=\"noreferrer noopener\">Rol Profesional &#8211; Campo Laboral<\/a><\/p>\n\n\n\n<p style=\"font-size:50px\"><\/p>\n\n\n<div class=\"wp-block-image\">\n<figure class=\"aligncenter size-large is-resized\"><img decoding=\"async\" loading=\"lazy\" src=\"https:\/\/isfdyt48-bue.infd.edu.ar\/sitio\/wp-content\/uploads\/2021\/10\/Cursada_Enfermeria.jpg\" alt=\"\" class=\"wp-image-4628\" width=\"537\" height=\"538\" srcset=\"https:\/\/isfdyt48-bue.infd.edu.ar\/sitio\/wp-content\/uploads\/2021\/10\/Cursada_Enfermeria.jpg 1073w, https:\/\/isfdyt48-bue.infd.edu.ar\/sitio\/wp-content\/uploads\/2021\/10\/Cursada_Enfermeria-997x1000.jpg 997w, https:\/\/isfdyt48-bue.infd.edu.ar\/sitio\/wp-content\/uploads\/2021\/10\/Cursada_Enfermeria-500x500.jpg 500w, https:\/\/isfdyt48-bue.infd.edu.ar\/sitio\/wp-content\/uploads\/2021\/10\/Cursada_Enfermeria-768x770.jpg 768w\" sizes=\"(max-width: 537px) 100vw, 537px\" \/><\/figure><\/div>","protected":false},"excerpt":{"rendered":"<p>Tecnicatura Superior en Enfermer\u00eda RM 546\/16 Carga Horaria Total 2148 Hs Podes Descargarlo aqu\u00ed Podes Descargarlo aqu\u00ed Descargar Dise\u00f1o Curricular Rol Profesional &#8211; Campo Laboral<\/p>\n","protected":false},"author":135,"featured_media":0,"parent":0,"menu_order":0,"comment_status":"closed","ping_status":"closed","template":"","meta":[],"acf":[],"_links":{"self":[{"href":"https:\/\/isfdyt48-bue.infd.edu.ar\/sitio\/wp-json\/wp\/v2\/pages\/1342"}],"collection":[{"href":"https:\/\/isfdyt48-bue.infd.edu.ar\/sitio\/wp-json\/wp\/v2\/pages"}],"about":[{"href":"https:\/\/isfdyt48-bue.infd.edu.ar\/sitio\/wp-json\/wp\/v2\/types\/page"}],"author":[{"embeddable":true,"href":"https:\/\/isfdyt48-bue.infd.edu.ar\/sitio\/wp-json\/wp\/v2\/users\/135"}],"replies":[{"embeddable":true,"href":"https:\/\/isfdyt48-bue.infd.edu.ar\/sitio\/wp-json\/wp\/v2\/comments?post=1342"}],"version-history":[{"count":13,"href":"https:\/\/isfdyt48-bue.infd.edu.ar\/sitio\/wp-json\/wp\/v2\/pages\/1342\/revisions"}],"predecessor-version":[{"id":5179,"href":"https:\/\/isfdyt48-bue.infd.edu.ar\/sitio\/wp-json\/wp\/v2\/pages\/1342\/revisions\/5179"}],"wp:attachment":[{"href":"https:\/\/isfdyt48-bue.infd.edu.ar\/sitio\/wp-json\/wp\/v2\/media?parent=1342"}],"curies":[{"name":"wp","href":"https:\/\/api.w.org\/{rel}","templated":true}]}}