{"id":1646,"date":"2020-03-16T11:05:08","date_gmt":"2020-03-16T14:05:08","guid":{"rendered":"https:\/\/isfdyt48-bue.infd.edu.ar\/sitio\/?page_id=1646"},"modified":"2022-03-15T10:04:56","modified_gmt":"2022-03-15T13:04:56","slug":"profesorado-de-biologia","status":"publish","type":"page","link":"https:\/\/isfdyt48-bue.infd.edu.ar\/sitio\/profesorado-de-biologia\/","title":{"rendered":"Profesorado en Biolog\u00eda"},"content":{"rendered":"\n<p class=\"has-normal-font-size\"><strong>Profesorado de Biolog\u00eda<\/strong><\/p>\n\n\n\n<p class=\"has-normal-font-size\"><strong>RM 13259\/99<\/strong><\/p>\n\n\n\n<p class=\"has-normal-font-size\"><strong>Carga Horaria Total 3126 Hs<\/strong><\/p>\n\n\n\n<figure class=\"wp-block-image size-large\"><img decoding=\"async\" src=\"https:\/\/isfdyt48-bue.infd.edu.ar\/sitio\/wp-content\/uploads\/2021\/09\/Plan-de-Estudios_PFNAB.jpg\" alt=\"\"\/><\/figure>\n\n\n\n<p>Podes Descargarlo <a href=\"https:\/\/isfdyt48-bue.infd.edu.ar\/sitio\/wp-content\/uploads\/2021\/09\/Plan-de-Estudios_PFNAB.jpg\" target=\"_blank\" rel=\"noreferrer noopener\">aqu\u00ed<\/a><\/p>\n\n\n\n<figure class=\"wp-block-image size-large\"><img decoding=\"async\" src=\"https:\/\/isfdyt48-bue.infd.edu.ar\/sitio\/wp-content\/uploads\/2021\/09\/Correlatividades_PFNAB.jpg\" alt=\"\"\/><\/figure>\n\n\n\n<p>Podes Descargarlo <a href=\"https:\/\/isfdyt48-bue.infd.edu.ar\/sitio\/wp-content\/uploads\/2022\/03\/Correlatividades_PFNAB.pdf\" target=\"_blank\" rel=\"noreferrer noopener\">aqu\u00ed<\/a><\/p>\n\n\n\n<p><a href=\"https:\/\/isfdyt48-bue.infd.edu.ar\/sitio\/wp-content\/uploads\/2021\/09\/Profesorado_Ciencias_Naturales-2019.pdf\" target=\"_blank\" rel=\"noreferrer noopener\">Descargar Dise\u00f1o Curricular<\/a><\/p>\n\n\n\n<p><a href=\"https:\/\/isfdyt48-bue.infd.edu.ar\/sitio\/wp-content\/uploads\/sitio\/PROFESORADO_DE_BIOLOGIA_FISICA_QUIMICA.doc\" target=\"_blank\" rel=\"noreferrer noopener\">Rol Profesional &#8211; Campo Laboral<\/a><\/p>\n\n\n\n<p style=\"font-size:50px\"><\/p>\n\n\n\n<div class=\"wp-block-image\"><figure class=\"aligncenter size-large is-resized\"><img decoding=\"async\" loading=\"lazy\" src=\"https:\/\/isfdyt48-bue.infd.edu.ar\/sitio\/wp-content\/uploads\/2021\/10\/Cursada_Biologia-Nueva.jpeg\" alt=\"\" width=\"640\" height=\"639\"\/><\/figure><\/div>\n","protected":false},"excerpt":{"rendered":"<p>Profesorado de Biolog\u00eda RM 13259\/99 Carga Horaria Total 3126 Hs Podes Descargarlo aqu\u00ed Podes Descargarlo aqu\u00ed Descargar Dise\u00f1o Curricular Rol Profesional &#8211; Campo Laboral<\/p>\n","protected":false},"author":135,"featured_media":0,"parent":0,"menu_order":0,"comment_status":"closed","ping_status":"closed","template":"","meta":[],"acf":[],"_links":{"self":[{"href":"https:\/\/isfdyt48-bue.infd.edu.ar\/sitio\/wp-json\/wp\/v2\/pages\/1646"}],"collection":[{"href":"https:\/\/isfdyt48-bue.infd.edu.ar\/sitio\/wp-json\/wp\/v2\/pages"}],"about":[{"href":"https:\/\/isfdyt48-bue.infd.edu.ar\/sitio\/wp-json\/wp\/v2\/types\/page"}],"author":[{"embeddable":true,"href":"https:\/\/isfdyt48-bue.infd.edu.ar\/sitio\/wp-json\/wp\/v2\/users\/135"}],"replies":[{"embeddable":true,"href":"https:\/\/isfdyt48-bue.infd.edu.ar\/sitio\/wp-json\/wp\/v2\/comments?post=1646"}],"version-history":[{"count":147,"href":"https:\/\/isfdyt48-bue.infd.edu.ar\/sitio\/wp-json\/wp\/v2\/pages\/1646\/revisions"}],"predecessor-version":[{"id":5163,"href":"https:\/\/isfdyt48-bue.infd.edu.ar\/sitio\/wp-json\/wp\/v2\/pages\/1646\/revisions\/5163"}],"wp:attachment":[{"href":"https:\/\/isfdyt48-bue.infd.edu.ar\/sitio\/wp-json\/wp\/v2\/media?parent=1646"}],"curies":[{"name":"wp","href":"https:\/\/api.w.org\/{rel}","templated":true}]}}