{"id":1657,"date":"2020-03-16T11:17:55","date_gmt":"2020-03-16T14:17:55","guid":{"rendered":"https:\/\/isfdyt48-bue.infd.edu.ar\/sitio\/?page_id=1657"},"modified":"2025-12-09T08:51:47","modified_gmt":"2025-12-09T11:51:47","slug":"profesorado-en-ingles","status":"publish","type":"page","link":"https:\/\/isfdyt48-bue.infd.edu.ar\/sitio\/profesorado-en-ingles\/","title":{"rendered":"Profesorado en Ingl\u00e9s"},"content":{"rendered":"\n<p class=\"has-normal-font-size\"><strong>Profesorado de Ingles<\/strong><\/p>\n\n\n\n<p class=\"has-normal-font-size\"><strong>RM 1860\/17<\/strong><\/p>\n\n\n\n<p class=\"has-normal-font-size\"><strong>Carga Horaria Total 3136 Hs<\/strong><\/p>\n\n\n\n<figure class=\"wp-block-image size-large\"><img decoding=\"async\" src=\"https:\/\/isfdyt48-bue.infd.edu.ar\/sitio\/wp-content\/uploads\/2021\/09\/Plan-de-Estudios_PROFI.jpg\" alt=\"\"\/><\/figure>\n\n\n\n<p>Podes Descargarlo <a href=\"https:\/\/isfdyt48-bue.infd.edu.ar\/sitio\/wp-content\/uploads\/2021\/09\/Plan-de-Estudios_PROFI.jpg\" target=\"_blank\" rel=\"noreferrer noopener\">aqu\u00ed<\/a><\/p>\n\n\n\n<p>Podes Descargar el Plan de Correlatividades haciendo click aqu\u00ed <a href=\"https:\/\/isfdyt48-bue.infd.edu.ar\/sitio\/wp-content\/uploads\/2025\/03\/CORRELATIVIDADES-PFING_2025.pdf\" target=\"_blank\" rel=\"noreferrer noopener\">aqu\u00ed<\/a><\/p>\n\n\n\n<p><a href=\"https:\/\/isfdyt48-bue.infd.edu.ar\/sitio\/disenos-curriculares\/upload\/disen_o_ingles_2018.pdf\" target=\"_blank\" rel=\"noreferrer noopener\">Descargar Dise\u00f1o Curricular<\/a><\/p>\n\n\n\n<p><a href=\"https:\/\/isfdyt48-bue.infd.edu.ar\/sitio\/wp-content\/uploads\/sitio\/PROFESORADO_DE_INGLES.doc\" target=\"_blank\" rel=\"noreferrer noopener\">Rol Profesional &#8211; Campo Laboral<\/a><\/p>\n\n\n\n<p style=\"font-size:50px\"><\/p>\n","protected":false},"excerpt":{"rendered":"<p>Profesorado de Ingles RM 1860\/17 Carga Horaria Total 3136 Hs Podes Descargarlo aqu\u00ed Podes Descargar el Plan de Correlatividades haciendo click aqu\u00ed aqu\u00ed Descargar Dise\u00f1o Curricular Rol Profesional &#8211; Campo Laboral<\/p>\n","protected":false},"author":135,"featured_media":0,"parent":0,"menu_order":0,"comment_status":"closed","ping_status":"closed","template":"","meta":[],"acf":[],"_links":{"self":[{"href":"https:\/\/isfdyt48-bue.infd.edu.ar\/sitio\/wp-json\/wp\/v2\/pages\/1657"}],"collection":[{"href":"https:\/\/isfdyt48-bue.infd.edu.ar\/sitio\/wp-json\/wp\/v2\/pages"}],"about":[{"href":"https:\/\/isfdyt48-bue.infd.edu.ar\/sitio\/wp-json\/wp\/v2\/types\/page"}],"author":[{"embeddable":true,"href":"https:\/\/isfdyt48-bue.infd.edu.ar\/sitio\/wp-json\/wp\/v2\/users\/135"}],"replies":[{"embeddable":true,"href":"https:\/\/isfdyt48-bue.infd.edu.ar\/sitio\/wp-json\/wp\/v2\/comments?post=1657"}],"version-history":[{"count":95,"href":"https:\/\/isfdyt48-bue.infd.edu.ar\/sitio\/wp-json\/wp\/v2\/pages\/1657\/revisions"}],"predecessor-version":[{"id":5633,"href":"https:\/\/isfdyt48-bue.infd.edu.ar\/sitio\/wp-json\/wp\/v2\/pages\/1657\/revisions\/5633"}],"wp:attachment":[{"href":"https:\/\/isfdyt48-bue.infd.edu.ar\/sitio\/wp-json\/wp\/v2\/media?parent=1657"}],"curies":[{"name":"wp","href":"https:\/\/api.w.org\/{rel}","templated":true}]}}