{"id":4192,"date":"2021-08-31T08:57:04","date_gmt":"2021-08-31T11:57:04","guid":{"rendered":"https:\/\/isfdyt48-bue.infd.edu.ar\/sitio\/?page_id=4192"},"modified":"2021-10-26T10:53:54","modified_gmt":"2021-10-26T13:53:54","slug":"estudiantes","status":"publish","type":"page","link":"https:\/\/isfdyt48-bue.infd.edu.ar\/sitio\/estudiantes\/","title":{"rendered":"ESTUDIANTES"},"content":{"rendered":"\n<p>En esta Secci\u00f3n encontrar\u00e1s informaci\u00f3n relacionada a la <a rel=\"noreferrer noopener\" href=\"https:\/\/isfdyt48-bue.infd.edu.ar\/sitio\/equivalencias\/\" target=\"_blank\">Presentaci\u00f3n de Equivalencias<\/a> e Informaci\u00f3n General acerca de la <a rel=\"noreferrer noopener\" href=\"https:\/\/isfdyt48-bue.infd.edu.ar\/sitio\/informacion-estudiantes\/\" target=\"_blank\">Matriculaci\u00f3n a las Materias y como rendirlas<\/a><\/p>\n\n\n\n<p>Si queres saber acerca del Sistema SIVI, <a href=\"https:\/\/isfdyt48-bue.infd.edu.ar\/sitio\/sivi_1\/\" target=\"_blank\" rel=\"noreferrer noopener\">click aqu\u00ed<\/a><\/p>\n\n\n\n<p>Para Descargar el Reglamento de Estudiantes, click <a href=\"https:\/\/isfdyt48-bue.infd.edu.ar\/sitio\/wp-content\/uploads\/2021\/09\/estudiantes_cuadernillo_ingreso___2019.pdf\" target=\"_blank\" rel=\"noreferrer noopener\">aqu\u00ed<\/a><\/p>\n","protected":false},"excerpt":{"rendered":"<p>En esta Secci\u00f3n encontrar\u00e1s informaci\u00f3n relacionada a la Presentaci\u00f3n de Equivalencias e Informaci\u00f3n General acerca de la Matriculaci\u00f3n a las Materias y como rendirlas Si queres saber acerca del Sistema SIVI, click aqu\u00ed Para Descargar el Reglamento de Estudiantes, click aqu\u00ed<\/p>\n","protected":false},"author":135,"featured_media":0,"parent":0,"menu_order":0,"comment_status":"closed","ping_status":"closed","template":"","meta":[],"acf":[],"_links":{"self":[{"href":"https:\/\/isfdyt48-bue.infd.edu.ar\/sitio\/wp-json\/wp\/v2\/pages\/4192"}],"collection":[{"href":"https:\/\/isfdyt48-bue.infd.edu.ar\/sitio\/wp-json\/wp\/v2\/pages"}],"about":[{"href":"https:\/\/isfdyt48-bue.infd.edu.ar\/sitio\/wp-json\/wp\/v2\/types\/page"}],"author":[{"embeddable":true,"href":"https:\/\/isfdyt48-bue.infd.edu.ar\/sitio\/wp-json\/wp\/v2\/users\/135"}],"replies":[{"embeddable":true,"href":"https:\/\/isfdyt48-bue.infd.edu.ar\/sitio\/wp-json\/wp\/v2\/comments?post=4192"}],"version-history":[{"count":8,"href":"https:\/\/isfdyt48-bue.infd.edu.ar\/sitio\/wp-json\/wp\/v2\/pages\/4192\/revisions"}],"predecessor-version":[{"id":4786,"href":"https:\/\/isfdyt48-bue.infd.edu.ar\/sitio\/wp-json\/wp\/v2\/pages\/4192\/revisions\/4786"}],"wp:attachment":[{"href":"https:\/\/isfdyt48-bue.infd.edu.ar\/sitio\/wp-json\/wp\/v2\/media?parent=4192"}],"curies":[{"name":"wp","href":"https:\/\/api.w.org\/{rel}","templated":true}]}}