{"id":4241,"date":"2021-09-01T09:28:58","date_gmt":"2021-09-01T12:28:58","guid":{"rendered":"https:\/\/isfdyt48-bue.infd.edu.ar\/sitio\/?page_id=4241"},"modified":"2026-05-04T10:58:54","modified_gmt":"2026-05-04T13:58:54","slug":"anexo","status":"publish","type":"page","link":"https:\/\/isfdyt48-bue.infd.edu.ar\/sitio\/anexo\/","title":{"rendered":"ANEXO HUANGUELEN"},"content":{"rendered":"\n<p>El anexo comenz\u00f3 a funcionar en abril de 1988, como respuesta de Educaci\u00f3n Superior a un estudio de campo que demostr\u00f3 fehacientemente la necesidad de ese servicio, y fue habilitado por Resoluci\u00f3n Ministerial N\u00b0 10.911\/89, utilizando como sede las instalaciones de la Escuela Primaria N\u00b0 8.<\/p>\n\n\n\n<p>La matr\u00edcula inicial fue de 32 alumnos, que cursaron el primer a\u00f1o de Magisterio Especializado en Educaci\u00f3n Primaria e Inicial.<\/p>\n\n\n\n<p>En 1989, el anexo se traslada a la Escuela de Educaci\u00f3n Media N\u00b0 3 \u201cMariano Moreno\u201d, lugar donde funciona actualmente.<\/p>\n\n\n\n<p>Desde el anexo siempre se ha tratado de insertar actividades en la comunidad: como la participaci\u00f3n activa en las celebraciones del aniversario del pueblo, muestras con elementos elaborados por alumnos\/as en talleres, kermeses por el d\u00eda de la Primavera y\/o d\u00eda del ni\u00f1o, presentaci\u00f3n de un proyecto para la creaci\u00f3n de un Centro de D\u00eda en la localidad, entre otras.<\/p>\n\n\n\n<p>Es la \u00fanica instituci\u00f3n en la localidad que brinda estudios de Nivel Superior, tanto carreras t\u00e9cnicas como docentes, cumpliendo una funci\u00f3n social muy importante, no s\u00f3lo para quienes buscan una salida laboral, sino una realizaci\u00f3n personal.<\/p>\n\n\n\n<p>El anexo funciona en calle 9 N\u00b0 339.<\/p>\n\n\n\n<p>Contacto: 2933 433043<\/p>\n\n\n\n<p>Correo Electr\u00f3nico: 348anexohuanguel\u00e9n@gmail.com<\/p>\n\n\n\n<p>Instagram: <a href=\"https:\/\/www.instagram.com\/isfdyt_348\/\" target=\"_blank\" rel=\"noreferrer noopener\">isfdyt_348<\/a><\/p>\n\n\n\n<p>Carreras que se dictan actualmente:<\/p>\n\n\n\n<ul>\n<li>Tecnicatura Superior en Acompa\u00f1amiento Terap\u00e9utico (3\u00b0 a\u00f1o) \u2013 <a href=\"https:\/\/abc.gob.ar\/secretarias\/sites\/default\/files\/2021-06\/TS%20en%20Acompa%C3%B1amiento%20Terap%C3%A9utico%20-%20Res.%201221_15_compressed.pdf\" target=\"_blank\" rel=\"noreferrer noopener\">Resoluci\u00f3n 1221\/12<\/a><\/li>\n\n\n\n<li>Profesorado de Educaci\u00f3n Inicial (2\u00b0 a\u00f1o) \u2013 <a href=\"http:\/\/servicios.abc.gov.ar\/lainstitucion\/organismos\/consejogeneral\/disenioscurriculares\/documentosdescarga\/dcurricularsuperior.pdf\" target=\"_blank\" rel=\"noreferrer noopener\">Resoluci\u00f3n 4154\/07<\/a><\/li>\n<\/ul>\n\n\n\n<p><\/p>\n","protected":false},"excerpt":{"rendered":"<p>El anexo comenz\u00f3 a funcionar en abril de 1988, como respuesta de Educaci\u00f3n Superior a un estudio de campo que demostr\u00f3 fehacientemente la necesidad de ese servicio, y fue habilitado por Resoluci\u00f3n Ministerial N\u00b0 10.911\/89, utilizando como sede las instalaciones de la Escuela Primaria N\u00b0 8. La matr\u00edcula inicial fue de 32 alumnos, que cursaron &#8230; <a title=\"ANEXO HUANGUELEN\" class=\"read-more\" href=\"https:\/\/isfdyt48-bue.infd.edu.ar\/sitio\/anexo\/\" aria-label=\"More on ANEXO HUANGUELEN\">[+]<\/a><\/p>\n","protected":false},"author":135,"featured_media":0,"parent":0,"menu_order":0,"comment_status":"closed","ping_status":"closed","template":"","meta":[],"acf":[],"_links":{"self":[{"href":"https:\/\/isfdyt48-bue.infd.edu.ar\/sitio\/wp-json\/wp\/v2\/pages\/4241"}],"collection":[{"href":"https:\/\/isfdyt48-bue.infd.edu.ar\/sitio\/wp-json\/wp\/v2\/pages"}],"about":[{"href":"https:\/\/isfdyt48-bue.infd.edu.ar\/sitio\/wp-json\/wp\/v2\/types\/page"}],"author":[{"embeddable":true,"href":"https:\/\/isfdyt48-bue.infd.edu.ar\/sitio\/wp-json\/wp\/v2\/users\/135"}],"replies":[{"embeddable":true,"href":"https:\/\/isfdyt48-bue.infd.edu.ar\/sitio\/wp-json\/wp\/v2\/comments?post=4241"}],"version-history":[{"count":10,"href":"https:\/\/isfdyt48-bue.infd.edu.ar\/sitio\/wp-json\/wp\/v2\/pages\/4241\/revisions"}],"predecessor-version":[{"id":5675,"href":"https:\/\/isfdyt48-bue.infd.edu.ar\/sitio\/wp-json\/wp\/v2\/pages\/4241\/revisions\/5675"}],"wp:attachment":[{"href":"https:\/\/isfdyt48-bue.infd.edu.ar\/sitio\/wp-json\/wp\/v2\/media?parent=4241"}],"curies":[{"name":"wp","href":"https:\/\/api.w.org\/{rel}","templated":true}]}}