{"id":4269,"date":"2021-09-03T08:59:29","date_gmt":"2021-09-03T11:59:29","guid":{"rendered":"https:\/\/isfdyt48-bue.infd.edu.ar\/sitio\/?page_id=4269"},"modified":"2021-10-26T10:55:32","modified_gmt":"2021-10-26T13:55:32","slug":"equivalencias","status":"publish","type":"page","link":"https:\/\/isfdyt48-bue.infd.edu.ar\/sitio\/equivalencias\/","title":{"rendered":"Equivalencias"},"content":{"rendered":"\n<p>Aspectos a tener en cuenta:<\/p>\n\n\n\n<ul><li>Las equivalencias se solicitan en el per\u00edodo informado por Secretar\u00eda, correspondiente a lo informado en el Calendario de Actividades Docentes.<\/li><li>Los\/as estudiantes solicitantes deben estar matriculados en las materias solicitadas.<\/li><li>Para solicitar equivalencias deben presentarse las planillas <a href=\"https:\/\/isfdyt48-bue.infd.edu.ar\/sitio\/wp-content\/uploads\/2021\/09\/A14a.pdf\">A14a<\/a> y <a href=\"https:\/\/isfdyt48-bue.infd.edu.ar\/sitio\/wp-content\/uploads\/2021\/09\/A14.pdf\">A14<\/a>, una por cada materia solicitada (<a href=\"https:\/\/isfdyt48-bue.infd.edu.ar\/sitio\/wp-content\/uploads\/2021\/09\/A14a.pdf\">A14a<\/a>) y un \u00fanica planilla que es un Resumen de Solicitud (<a href=\"https:\/\/isfdyt48-bue.infd.edu.ar\/sitio\/wp-content\/uploads\/2021\/09\/A14.pdf\">A14<\/a>).<\/li><li>Debe adjuntarse anal\u00edtico donde figuren fecha y nota de las materias aprobadas con evaluaci\u00f3n final que sirvan de aval para la solicitud. Adjuntar los programas de las materias aprobadas.<\/li><li>Mientras los\/las docentes eval\u00faan la solicitud los\/las estudiantes deben continuar la cursada.<\/li><li>Los\/las docentes pueden decidir:<ul><li>NO CONCEDER la equivalencia (en cuyo caso el\/la estudiante contin\u00faa con la cursada);<\/li><\/ul><ul><li>CONCEDERLA EN FORMA PARCIAL, en cuyo caso acordar\u00e1n con el\/la estudiante la forma de acreditaci\u00f3n de la materia (puede solicitarse un trabajo pr\u00e1ctico, una evaluaci\u00f3n de los contenidos que considera no fueron vistos, que curse determinados temas, etc);<\/li><\/ul><ul><li>CONCEDERLA EN FORMA TOTAL, con lo cual el\/la estudiante pasa a contar con la materia totalmente aprobada.<\/li><\/ul><\/li><\/ul>\n\n\n\n<p>Descargar Formulario <a href=\"https:\/\/isfdyt48-bue.infd.edu.ar\/sitio\/wp-content\/uploads\/2021\/09\/A14.pdf\">A14<\/a><\/p>\n\n\n\n<p>Descargar Formulario <a href=\"https:\/\/isfdyt48-bue.infd.edu.ar\/sitio\/wp-content\/uploads\/2021\/09\/A14a.pdf\">A14a<\/a><\/p>\n\n\n\n<p><a href=\"https:\/\/isfdyt48-bue.infd.edu.ar\/sitio\/wp-content\/uploads\/2021\/10\/equivalencias-cai.pdf\" target=\"_blank\" rel=\"noreferrer noopener\">Equivalencias Acuerdos CAI<\/a><\/p>\n","protected":false},"excerpt":{"rendered":"<p>Aspectos a tener en cuenta: Las equivalencias se solicitan en el per\u00edodo informado por Secretar\u00eda, correspondiente a lo informado en el Calendario de Actividades Docentes. Los\/as estudiantes solicitantes deben estar matriculados en las materias solicitadas. Para solicitar equivalencias deben presentarse las planillas A14a y A14, una por cada materia solicitada (A14a) y un \u00fanica planilla &#8230; <a title=\"Equivalencias\" class=\"read-more\" href=\"https:\/\/isfdyt48-bue.infd.edu.ar\/sitio\/equivalencias\/\" aria-label=\"More on Equivalencias\">[+]<\/a><\/p>\n","protected":false},"author":135,"featured_media":0,"parent":0,"menu_order":0,"comment_status":"closed","ping_status":"closed","template":"","meta":[],"acf":[],"_links":{"self":[{"href":"https:\/\/isfdyt48-bue.infd.edu.ar\/sitio\/wp-json\/wp\/v2\/pages\/4269"}],"collection":[{"href":"https:\/\/isfdyt48-bue.infd.edu.ar\/sitio\/wp-json\/wp\/v2\/pages"}],"about":[{"href":"https:\/\/isfdyt48-bue.infd.edu.ar\/sitio\/wp-json\/wp\/v2\/types\/page"}],"author":[{"embeddable":true,"href":"https:\/\/isfdyt48-bue.infd.edu.ar\/sitio\/wp-json\/wp\/v2\/users\/135"}],"replies":[{"embeddable":true,"href":"https:\/\/isfdyt48-bue.infd.edu.ar\/sitio\/wp-json\/wp\/v2\/comments?post=4269"}],"version-history":[{"count":4,"href":"https:\/\/isfdyt48-bue.infd.edu.ar\/sitio\/wp-json\/wp\/v2\/pages\/4269\/revisions"}],"predecessor-version":[{"id":4789,"href":"https:\/\/isfdyt48-bue.infd.edu.ar\/sitio\/wp-json\/wp\/v2\/pages\/4269\/revisions\/4789"}],"wp:attachment":[{"href":"https:\/\/isfdyt48-bue.infd.edu.ar\/sitio\/wp-json\/wp\/v2\/media?parent=4269"}],"curies":[{"name":"wp","href":"https:\/\/api.w.org\/{rel}","templated":true}]}}