{"id":4272,"date":"2021-09-03T09:01:33","date_gmt":"2021-09-03T12:01:33","guid":{"rendered":"https:\/\/isfdyt48-bue.infd.edu.ar\/sitio\/?page_id=4272"},"modified":"2023-08-28T08:22:09","modified_gmt":"2023-08-28T11:22:09","slug":"sivi_1","status":"publish","type":"page","link":"https:\/\/isfdyt48-bue.infd.edu.ar\/sitio\/sivi_1\/","title":{"rendered":"SIVI_1"},"content":{"rendered":"\n<p><strong>SIVI<\/strong> es el Sistema en el cual est\u00e1n registrados todos nuestros estudiantes y docentes y proporciona diferentes prestaciones para cada uno de sus roles<\/p>\n\n\n\n<p><strong>En cuanto a Docentes<\/strong> los mismos pueden verificar las fechas y cantidad de estudiantes en cada final, tambi\u00e9n pueden acceder al detalle de los mismos en cada una de sus materias y la modalidad de cursada de los mismos.-<\/p>\n\n\n\n<p><strong>En cuanto a los Estudiantes<\/strong>, es el medio en el cual queda registrada la trayectoria acad\u00e9mica de los alumnos a trav\u00e9s del registro de sus cursadas y finales.-<\/p>\n\n\n\n<p>Para que esto sea posible cada estudiante debe inscribirse a una carrera, tambi\u00e9n debe matricularse en las materias que quiera cursar en cada a\u00f1o y anotarse en los finales, todo esto en las distintas etapas que se habilitan desde la Instituci\u00f3n y se informan.-<\/p>\n\n\n\n<p>De esta manera cada estudiante puede acceder a la informaci\u00f3n acerca de su trayectoria dentro del Establecimiento.-<\/p>\n\n\n\n<p>Para acceder al Sistema SIVI click <a href=\"http:\/\/sivi.com.ar\/e\/i48\" target=\"_blank\" rel=\"noreferrer noopener\">aqu\u00ed<\/a><\/p>\n\n\n\n<p>Si queres ver los videos tutoriales click <a href=\"https:\/\/www.youtube.com\/watch?v=RsnxovQJxX4&amp;list=PLzytbyjtKX4lLIvR2Fku-jlOx20-zFlQ1\" target=\"_blank\" rel=\"noreferrer noopener\">aqu\u00ed<\/a><\/p>\n\n\n\n<p>Preguntas Frecuentes click <a href=\"https:\/\/isfdyt48-bue.infd.edu.ar\/sitio\/wp-content\/uploads\/2021\/09\/Preguntas-Frecuentes_SIVI.pdf\" target=\"_blank\" rel=\"noreferrer noopener\">aqu\u00ed<\/a><\/p>\n\n\n\n<p>Tambi\u00e9n esta disponible para el Sistema Android en la Play Store como <strong>SIVI<\/strong><\/p>\n","protected":false},"excerpt":{"rendered":"<p>SIVI es el Sistema en el cual est\u00e1n registrados todos nuestros estudiantes y docentes y proporciona diferentes prestaciones para cada uno de sus roles En cuanto a Docentes los mismos pueden verificar las fechas y cantidad de estudiantes en cada final, tambi\u00e9n pueden acceder al detalle de los mismos en cada una de sus materias &#8230; <a title=\"SIVI_1\" class=\"read-more\" href=\"https:\/\/isfdyt48-bue.infd.edu.ar\/sitio\/sivi_1\/\" aria-label=\"More on SIVI_1\">[+]<\/a><\/p>\n","protected":false},"author":135,"featured_media":0,"parent":0,"menu_order":0,"comment_status":"closed","ping_status":"closed","template":"","meta":[],"acf":[],"_links":{"self":[{"href":"https:\/\/isfdyt48-bue.infd.edu.ar\/sitio\/wp-json\/wp\/v2\/pages\/4272"}],"collection":[{"href":"https:\/\/isfdyt48-bue.infd.edu.ar\/sitio\/wp-json\/wp\/v2\/pages"}],"about":[{"href":"https:\/\/isfdyt48-bue.infd.edu.ar\/sitio\/wp-json\/wp\/v2\/types\/page"}],"author":[{"embeddable":true,"href":"https:\/\/isfdyt48-bue.infd.edu.ar\/sitio\/wp-json\/wp\/v2\/users\/135"}],"replies":[{"embeddable":true,"href":"https:\/\/isfdyt48-bue.infd.edu.ar\/sitio\/wp-json\/wp\/v2\/comments?post=4272"}],"version-history":[{"count":9,"href":"https:\/\/isfdyt48-bue.infd.edu.ar\/sitio\/wp-json\/wp\/v2\/pages\/4272\/revisions"}],"predecessor-version":[{"id":5215,"href":"https:\/\/isfdyt48-bue.infd.edu.ar\/sitio\/wp-json\/wp\/v2\/pages\/4272\/revisions\/5215"}],"wp:attachment":[{"href":"https:\/\/isfdyt48-bue.infd.edu.ar\/sitio\/wp-json\/wp\/v2\/media?parent=4272"}],"curies":[{"name":"wp","href":"https:\/\/api.w.org\/{rel}","templated":true}]}}