{"id":4836,"date":"2022-05-06T08:22:02","date_gmt":"2022-05-06T11:22:02","guid":{"rendered":"https:\/\/isfdyt48-bue.infd.edu.ar\/sitio\/?page_id=4836"},"modified":"2026-02-12T09:58:51","modified_gmt":"2026-02-12T12:58:51","slug":"proyectos-materias-i-s-f-d-y-t-no-48","status":"publish","type":"page","link":"https:\/\/isfdyt48-bue.infd.edu.ar\/sitio\/proyectos-materias-i-s-f-d-y-t-no-48\/","title":{"rendered":"Proyectos Materias I.S.F.D.y T. N\u00ba 48"},"content":{"rendered":"\n<figure class=\"wp-block-table\"><table class=\"has-fixed-layout\"><tbody><tr><td class=\"has-text-align-center\" data-align=\"center\"><a href=\"https:\/\/drive.google.com\/file\/d\/1qdbnHWAISU7jYrml-Jd-pQBF3mRit_Ct\/view?usp=share_link\" target=\"_blank\" rel=\"noreferrer noopener\">2019<\/a><\/td><td class=\"has-text-align-center\" data-align=\"center\"><a rel=\"noreferrer noopener\" href=\"https:\/\/drive.google.com\/file\/d\/1xbSJnE1GfCXk0qqscXmPTWT1KGRJ4W_f\/view?usp=sharing\" target=\"_blank\">2020<\/a><\/td><td class=\"has-text-align-center\" data-align=\"center\"><a rel=\"noreferrer noopener\" href=\"https:\/\/drive.google.com\/file\/d\/1Suk_ITbwxEqsysbNCpGQS337cAYcB15V\/view?usp=sharing\" target=\"_blank\">2021<\/a><\/td><td class=\"has-text-align-center\" data-align=\"center\"><a rel=\"noreferrer noopener\" href=\"https:\/\/drive.google.com\/file\/d\/16I_lozOBbjkyIA-uVzO61eMnbwyXGAoO\/view?usp=sharing\" target=\"_blank\">2022<\/a><\/td><td class=\"has-text-align-center\" data-align=\"center\"><a href=\"https:\/\/drive.google.com\/file\/d\/1GEc2pegJcmOXKcoPIxG_JIHKmCwfK-vx\/view?usp=drive_link\" target=\"_blank\" rel=\"noreferrer noopener\">2023<\/a><\/td><td class=\"has-text-align-center\" data-align=\"center\"><a href=\"https:\/\/drive.google.com\/file\/d\/1UzaAg2JxTf0MGhlbkuMC3ui7dcFsWc3g\/view?usp=drive_link\" target=\"_blank\" rel=\"noreferrer noopener\">2024<\/a><\/td><td class=\"has-text-align-center\" data-align=\"center\"><a href=\"https:\/\/drive.google.com\/file\/d\/1XnVWy52pYyMCpVUm3y6eT9EwUo9F9GL_\/view?usp=drive_link\" data-type=\"URL\" data-id=\"https:\/\/drive.google.com\/file\/d\/1XnVWy52pYyMCpVUm3y6eT9EwUo9F9GL_\/view?usp=drive_link\" target=\"_blank\" rel=\"noreferrer noopener\">2025<\/a><\/td><\/tr><\/tbody><\/table><figcaption class=\"wp-element-caption\"><center><font size=\"4\"><a href=\"https:\/\/isfdyt48-bue.infd.edu.ar\/sitio\/educacion-fisica\/\" target=\"_blank\" rel=\"noreferrer noopener\">Profesorado de Educaci\u00f3n F\u00edsica<\/a><\/font><\/center><\/figcaption><\/figure>\n\n\n\n<div style=\"height:53px\" aria-hidden=\"true\" class=\"wp-block-spacer\"><\/div>\n\n\n\n<figure class=\"wp-block-table\"><table class=\"has-fixed-layout\"><tbody><tr><td class=\"has-text-align-center\" data-align=\"center\"><a href=\"https:\/\/drive.google.com\/file\/d\/1_CWoGl2WmQIadEf-ivWLxZdYoear3oG4\/view?usp=sharing\" target=\"_blank\" rel=\"noreferrer noopener\">2019<\/a><\/td><td class=\"has-text-align-center\" data-align=\"center\"><a rel=\"noreferrer noopener\" href=\"https:\/\/drive.google.com\/file\/d\/1uDmUs0NwycbjjK_RjKw05jxLfUBKS_GF\/view?usp=sharing\" target=\"_blank\">2020<\/a><\/td><td class=\"has-text-align-center\" data-align=\"center\"><a rel=\"noreferrer noopener\" href=\"https:\/\/drive.google.com\/file\/d\/1nuFvycL6w0HOOJ0cjTIdDlgBZYDeN-ou\/view?usp=sharing\" target=\"_blank\">2021<\/a><\/td><td class=\"has-text-align-center\" data-align=\"center\"><a rel=\"noreferrer noopener\" href=\"https:\/\/drive.google.com\/file\/d\/1tR6HusTLsJXRPWPoKa1VZqafGblHwTT-\/view?usp=sharing\" target=\"_blank\">2022<\/a><\/td><td class=\"has-text-align-center\" data-align=\"center\"><a href=\"https:\/\/drive.google.com\/file\/d\/1OIC6KT5scZ-iP2QTOGRxHszO-cuQ9nTe\/view?usp=drive_link\" target=\"_blank\" rel=\"noreferrer noopener\">2023<\/a><\/td><td class=\"has-text-align-center\" data-align=\"center\"><a href=\"https:\/\/drive.google.com\/file\/d\/1NrRR5HKooV5yo3HGW45WO9biRhE-X0A_\/view?usp=drive_link\" target=\"_blank\" rel=\"noreferrer noopener\">2024<\/a><\/td><td class=\"has-text-align-center\" data-align=\"center\"><a href=\"https:\/\/drive.google.com\/file\/d\/1qLqdlrtCcJHmZz5sqwacdeija7uB_0lW\/view?usp=sharing\" target=\"_blank\" rel=\"noreferrer noopener\">2025<\/a><\/td><\/tr><\/tbody><\/table><figcaption class=\"wp-element-caption\"><center><font size=\"4\"><a href=\"https:\/\/isfdyt48-bue.infd.edu.ar\/sitio\/profesorado-en-ingles\/\" target=\"_blank\" rel=\"noreferrer noopener\">Profesorado de Ingles<\/a><\/font><\/center><\/figcaption><\/figure>\n\n\n\n<div style=\"height:53px\" aria-hidden=\"true\" class=\"wp-block-spacer\"><\/div>\n\n\n\n<figure class=\"wp-block-table\"><table class=\"has-fixed-layout\"><tbody><tr><td class=\"has-text-align-center\" data-align=\"center\"><a href=\"https:\/\/drive.google.com\/file\/d\/1TrX4LLBcpl3o5aD_uG-3ywkMFowOvnIA\/view?usp=sharing\" target=\"_blank\" rel=\"noreferrer noopener\">2019<\/a><\/td><td class=\"has-text-align-center\" data-align=\"center\"><a rel=\"noreferrer noopener\" href=\"https:\/\/drive.google.com\/file\/d\/1bs6GjmLjISQp0xHG1cXf0GYe-Finu3vf\/view?usp=drive_link\" target=\"_blank\">2020<\/a><\/td><td class=\"has-text-align-center\" data-align=\"center\"><a rel=\"noreferrer noopener\" href=\"https:\/\/drive.google.com\/file\/d\/1iLYmTUMc9y0SkABwLu096r3YMYIEr3cA\/view?usp=sharing\" target=\"_blank\">2021<\/a><\/td><td class=\"has-text-align-center\" data-align=\"center\"><a rel=\"noreferrer noopener\" href=\"https:\/\/drive.google.com\/file\/d\/1_Uui691rbWZEcZAjwmbTykUCqhE5x4S4\/view?usp=sharing\" target=\"_blank\">2022<\/a><\/td><td class=\"has-text-align-center\" data-align=\"center\"><a href=\"https:\/\/drive.google.com\/file\/d\/101EmXz4lqJc-LbEZul1aapAaAhv7GP4j\/view?usp=drive_link\" target=\"_blank\" rel=\"noreferrer noopener\">2023<\/a><\/td><td class=\"has-text-align-center\" data-align=\"center\"><a href=\"https:\/\/drive.google.com\/file\/d\/1x14CV6TpViscduvjykbDWrHkgkIpbkwc\/view?usp=drive_link\" target=\"_blank\" rel=\"noreferrer noopener\">2024<\/a><\/td><td class=\"has-text-align-center\" data-align=\"center\"><a href=\"https:\/\/drive.google.com\/file\/d\/1aoag-fRtAK0_33PoNP5os_Z4vTOPrNyJ\/view?usp=sharing\" target=\"_blank\" rel=\"noreferrer noopener\">2025<\/a><\/td><\/tr><\/tbody><\/table><figcaption class=\"wp-element-caption\"><center><font size=\"4\"><a href=\"https:\/\/isfdyt48-bue.infd.edu.ar\/sitio\/ep\/\" target=\"_blank\" rel=\"noreferrer noopener\">Profesorado de Educaci\u00f3n Primaria<\/a><\/font><\/center><\/figcaption><\/figure>\n\n\n\n<div style=\"height:53px\" aria-hidden=\"true\" class=\"wp-block-spacer\"><\/div>\n\n\n\n<figure class=\"wp-block-table\"><table class=\"has-fixed-layout\"><tbody><tr><td class=\"has-text-align-center\" data-align=\"center\"><a href=\"https:\/\/drive.google.com\/file\/d\/1dbDWe4Ae_aeYw7-u5Qxtmzauygo7Reh8\/view?usp=sharing\">2019<\/a><\/td><td class=\"has-text-align-center\" data-align=\"center\"><a rel=\"noreferrer noopener\" href=\"https:\/\/drive.google.com\/file\/d\/1PxkDYfq_9JgVjciV7v1I155jJiquaq2Z\/view?usp=sharing\" target=\"_blank\">2020<\/a><\/td><td class=\"has-text-align-center\" data-align=\"center\"><a rel=\"noreferrer noopener\" href=\"https:\/\/drive.google.com\/file\/d\/1uDnI6PbyuLJqMAP1GPRlK338T1Bq-fnT\/view?usp=sharing\" target=\"_blank\">2021<\/a><\/td><td class=\"has-text-align-center\" data-align=\"center\"><a rel=\"noreferrer noopener\" href=\"https:\/\/drive.google.com\/file\/d\/1aB5ApQ7AEfBG6RgeMvLl0T2HEbNTGHyL\/view?usp=sharing\" target=\"_blank\">2022<\/a><\/td><td class=\"has-text-align-center\" data-align=\"center\"><a href=\"https:\/\/drive.google.com\/file\/d\/11BJoA-6ajQ4egk4CyTmMjXo0xDrngokM\/view?usp=drive_link\" target=\"_blank\" rel=\"noreferrer noopener\">2023<\/a><\/td><td class=\"has-text-align-center\" data-align=\"center\"><a href=\"https:\/\/drive.google.com\/file\/d\/12ETUMZ376X20Vcq7Jld3m6dlgtiwr2ZA\/view?usp=drive_link\" target=\"_blank\" rel=\"noreferrer noopener\">2024<\/a><\/td><td class=\"has-text-align-center\" data-align=\"center\"><a href=\"https:\/\/drive.google.com\/file\/d\/12RObTAB3SIitE2NIOQoBCzcV0t0R1f-_\/view?usp=drive_link\" target=\"_blank\" rel=\"noreferrer noopener\">2025<\/a><\/td><\/tr><\/tbody><\/table><figcaption class=\"wp-element-caption\"><center><font size=\"4\"><a href=\"https:\/\/isfdyt48-bue.infd.edu.ar\/sitio\/profesorado-en-lengua-y-literatura\/\" target=\"_blank\" rel=\"noreferrer noopener\">Profesorado de Lengua y Literatura<\/a><\/font><\/center><\/figcaption><\/figure>\n\n\n\n<div style=\"height:53px\" aria-hidden=\"true\" class=\"wp-block-spacer\"><\/div>\n\n\n\n<figure class=\"wp-block-table\"><table class=\"has-fixed-layout\"><tbody><tr><td class=\"has-text-align-center\" data-align=\"center\"><a href=\"https:\/\/drive.google.com\/file\/d\/1M5Sa5LwElhWuQ6pvskUddUNVGD5czSTq\/view?usp=sharing\">2019<\/a><\/td><td class=\"has-text-align-center\" data-align=\"center\"><a rel=\"noreferrer noopener\" href=\"https:\/\/drive.google.com\/file\/d\/179fk8UZAymJurHO7H6zzTKF15a6233hg\/view?usp=sharing\" target=\"_blank\">2020<\/a><\/td><td class=\"has-text-align-center\" data-align=\"center\"><a rel=\"noreferrer noopener\" href=\"https:\/\/drive.google.com\/file\/d\/1xOlOGXp4dbKUEW0A20JNi0dgDhIRPx7X\/view?usp=sharing\" target=\"_blank\">2021<\/a><\/td><td class=\"has-text-align-center\" data-align=\"center\"><a rel=\"noreferrer noopener\" href=\"https:\/\/drive.google.com\/file\/d\/1lqXSI3ZJod6DjqHNCviXiPdxKElrGbnF\/view?usp=sharing\" target=\"_blank\">2022<\/a><\/td><td class=\"has-text-align-center\" data-align=\"center\"><a href=\"https:\/\/drive.google.com\/file\/d\/1APLoLJWbIP7GMM7745ICUj_Qb172gAr3\/view?usp=drive_link\" target=\"_blank\" rel=\"noreferrer noopener\">2023<\/a><\/td><td class=\"has-text-align-center\" data-align=\"center\"><a href=\"https:\/\/drive.google.com\/file\/d\/1wig5RTkRsu1BLH-SqAFD8e3L15kOuwfe\/view?usp=drive_link\" target=\"_blank\" rel=\"noreferrer noopener\">2024<\/a><\/td><td class=\"has-text-align-center\" data-align=\"center\"><a href=\"https:\/\/drive.google.com\/file\/d\/1ljCqys7bRcqoMJyGyEjQfJQqugeME6DM\/view?usp=sharing\" target=\"_blank\" rel=\"noreferrer noopener\">2025<\/a><\/td><\/tr><\/tbody><\/table><figcaption class=\"wp-element-caption\"><center><font size=\"4\"><a href=\"https:\/\/isfdyt48-bue.infd.edu.ar\/sitio\/profesorado-de-biologia\/\" target=\"_blank\" rel=\"noreferrer noopener\">Profesorado de Biolog\u00eda<\/a><\/font><\/center><\/figcaption><\/figure>\n\n\n\n<div style=\"height:53px\" aria-hidden=\"true\" class=\"wp-block-spacer\"><\/div>\n\n\n\n<figure class=\"wp-block-table\"><table class=\"has-fixed-layout\"><tbody><tr><td class=\"has-text-align-center\" data-align=\"center\"><a href=\"https:\/\/drive.google.com\/file\/d\/1osTQ6l7cyo78StLgf7zcMIdfriIopNBe\/view?usp=sharing\" target=\"_blank\" rel=\"noreferrer noopener\">2019<\/a><\/td><td class=\"has-text-align-center\" data-align=\"center\"><a rel=\"noreferrer noopener\" href=\"https:\/\/drive.google.com\/file\/d\/1MFnnVPtCTEO2t_23q_UgT45L6JAKX9DZ\/view?usp=sharing\" target=\"_blank\">2020<\/a><\/td><td class=\"has-text-align-center\" data-align=\"center\"><a rel=\"noreferrer noopener\" href=\"https:\/\/drive.google.com\/file\/d\/1MSTwcJ9gT_8rRKsFxn4aWdlIZND_Y32J\/view?usp=sharing\" target=\"_blank\">2021<\/a><\/td><td class=\"has-text-align-center\" data-align=\"center\"><a rel=\"noreferrer noopener\" href=\"https:\/\/drive.google.com\/file\/d\/1tho-X4gTTDEGFkeHyKDpivmzbKDfEiFY\/view?usp=sharing\" target=\"_blank\">2022<\/a><\/td><td class=\"has-text-align-center\" data-align=\"center\"><a href=\"https:\/\/drive.google.com\/file\/d\/1XBDkiHOStjki4f9VzrzmeVRWfn76bhxJ\/view?usp=drive_link\" target=\"_blank\" rel=\"noreferrer noopener\">2023<\/a><\/td><td class=\"has-text-align-center\" data-align=\"center\"><a href=\"https:\/\/drive.google.com\/file\/d\/1JO_xinU_VmPemx0yfVcoNlkDZEJ8T6DE\/view?usp=sharing\" target=\"_blank\" rel=\"noreferrer noopener\">2025<\/a><\/td><\/tr><\/tbody><\/table><figcaption class=\"wp-element-caption\"><center><font size=\"4\"><a href=\"https:\/\/isfdyt48-bue.infd.edu.ar\/sitio\/tecnicatura-en-multimedial\/\" target=\"_blank\" rel=\"noreferrer noopener\">Tecnicatura Superior en Comunicaci\u00f3n Multimedial<\/a><\/font><\/center><\/figcaption><\/figure>\n\n\n\n<div style=\"height:53px\" aria-hidden=\"true\" class=\"wp-block-spacer\"><\/div>\n\n\n\n<figure class=\"wp-block-table\"><table class=\"has-fixed-layout\"><tbody><tr><td class=\"has-text-align-center\" data-align=\"center\"><a href=\"https:\/\/drive.google.com\/file\/d\/1-HKS74tmsTE0mZN2KKNVitZqQHI-WGH3\/view?usp=sharing\" target=\"_blank\" rel=\"noreferrer noopener\">2019<\/a><\/td><td class=\"has-text-align-center\" data-align=\"center\"><a rel=\"noreferrer noopener\" href=\"https:\/\/drive.google.com\/file\/d\/1ZWc1cW_af346TvmZpYiDzcsxHbyZahi-\/view?usp=sharing\" target=\"_blank\">2020<\/a><\/td><td class=\"has-text-align-center\" data-align=\"center\"><a rel=\"noreferrer noopener\" href=\"https:\/\/drive.google.com\/file\/d\/1eizDRoH-fss5a1xnf66KwLzcAd4nfRYm\/view?usp=sharing\" target=\"_blank\">2021<\/a><\/td><td class=\"has-text-align-center\" data-align=\"center\"><a rel=\"noreferrer noopener\" href=\"https:\/\/drive.google.com\/file\/d\/12cIYTzfyeE-uXgaeGFstthIujQF7Jm_D\/view?usp=sharing\" target=\"_blank\">2022<\/a><\/td><td class=\"has-text-align-center\" data-align=\"center\"><a href=\"https:\/\/drive.google.com\/file\/d\/12M52mhTx7LqXLr0g8l-E_9F6ZxBLNjtr\/view?usp=drive_link\" target=\"_blank\" rel=\"noreferrer noopener\">2023<\/a><\/td><td class=\"has-text-align-center\" data-align=\"center\"><a href=\"https:\/\/drive.google.com\/file\/d\/1O5YyeKjeGuNHtc6_csHg_yYQ1Wflaavh\/view?usp=drive_link\" target=\"_blank\" rel=\"noreferrer noopener\">2024<\/a><\/td><td class=\"has-text-align-center\" data-align=\"center\"><a href=\"https:\/\/drive.google.com\/file\/d\/1R_yu1xGaLu2kaUVd--d43yySIAkArg6L\/view?usp=drive_link\" target=\"_blank\" rel=\"noreferrer noopener\">2025<\/a><\/td><\/tr><\/tbody><\/table><figcaption class=\"wp-element-caption\"><center><font size=\"4\"><a href=\"https:\/\/isfdyt48-bue.infd.edu.ar\/sitio\/tecnicatura-en-administracion-contable\/\" target=\"_blank\" rel=\"noreferrer noopener\">Tecnicatura Superior en Administraci\u00f3n Contable<\/a><\/font><\/center><\/figcaption><\/figure>\n\n\n\n<div style=\"height:53px\" aria-hidden=\"true\" class=\"wp-block-spacer\"><\/div>\n\n\n\n<figure class=\"wp-block-table\"><table class=\"has-fixed-layout\"><tbody><tr><td class=\"has-text-align-center\" data-align=\"center\"><a href=\"https:\/\/drive.google.com\/file\/d\/1vSQq5O8Ua_C0QsiniZfUb84Go29vk1G7\/view?usp=sharing\" target=\"_blank\" rel=\"noreferrer noopener\">2019<\/a><\/td><td class=\"has-text-align-center\" data-align=\"center\"><a rel=\"noreferrer noopener\" href=\"https:\/\/drive.google.com\/file\/d\/1o94gQAsI1EfcGp4Mz1m3tGzoZid2ECC1\/view?usp=sharing\" target=\"_blank\">2020<\/a><\/td><td class=\"has-text-align-center\" data-align=\"center\"><a rel=\"noreferrer noopener\" href=\"https:\/\/drive.google.com\/file\/d\/13344V69IK_IIusOanyuP0B6HAnMcj1Du\/view?usp=sharing\" target=\"_blank\">2021<\/a><\/td><td class=\"has-text-align-center\" data-align=\"center\"><a rel=\"noreferrer noopener\" href=\"https:\/\/drive.google.com\/file\/d\/1cTqlOt8obSm194ODDE6IYQk04QAxbCxP\/view?usp=sharing\" target=\"_blank\">2022<\/a><\/td><td class=\"has-text-align-center\" data-align=\"center\"><a href=\"https:\/\/drive.google.com\/file\/d\/1oMz9o78OG5b3Kocu_h1-sjYw4GNcmmat\/view?usp=drive_link\" target=\"_blank\" rel=\"noreferrer noopener\">2023<\/a><\/td><td class=\"has-text-align-center\" data-align=\"center\"><a href=\"https:\/\/drive.google.com\/file\/d\/1lSoqGFojKrR9EMtU_nj3KZOfv-OTITSp\/view?usp=drive_link\" target=\"_blank\" rel=\"noreferrer noopener\">2025<\/a><\/td><\/tr><\/tbody><\/table><figcaption class=\"wp-element-caption\"><center><font size=\"4\"><a href=\"https:\/\/isfdyt48-bue.infd.edu.ar\/sitio\/tecnicatura-en-trabajo-social\/\" target=\"_blank\" rel=\"noreferrer noopener\">Tecnicatura Superior en Trabajo Social<\/a><\/font><\/center><\/figcaption><\/figure>\n\n\n\n<div style=\"height:53px\" aria-hidden=\"true\" class=\"wp-block-spacer\"><\/div>\n\n\n\n<figure class=\"wp-block-table\"><table class=\"has-fixed-layout\"><tbody><tr><td class=\"has-text-align-center\" data-align=\"center\"><a href=\"https:\/\/drive.google.com\/file\/d\/1on_p1z-j0lMvXS7QDTTsx9JYw8DMllIy\/view?usp=sharing\" target=\"_blank\" rel=\"noreferrer noopener\">2019<\/a><\/td><td class=\"has-text-align-center\" data-align=\"center\"><a rel=\"noreferrer noopener\" href=\"https:\/\/drive.google.com\/file\/d\/1e3wSKK5otZOtjI-v3utMMUQU0FQp0KdG\/view?usp=sharing\" target=\"_blank\">2020<\/a><\/td><td class=\"has-text-align-center\" data-align=\"center\"><a rel=\"noreferrer noopener\" href=\"https:\/\/drive.google.com\/file\/d\/1vuDZydbjGoGKK3kxcFIDbpKxUPnz_TIA\/view?usp=sharing\" target=\"_blank\">2021<\/a><\/td><td class=\"has-text-align-center\" data-align=\"center\"><a rel=\"noreferrer noopener\" href=\"https:\/\/drive.google.com\/file\/d\/17VGHVKHmGLra3N2zr4D26yfSY5wKr5Sg\/view?usp=sharing\" target=\"_blank\">2022<\/a><\/td><td class=\"has-text-align-center\" data-align=\"center\"><a href=\"https:\/\/drive.google.com\/file\/d\/1sV3mT1iFFSuG6u67qOmFdUGiXz_lJ31C\/view?usp=drive_link\" target=\"_blank\" rel=\"noreferrer noopener\">2023<\/a><\/td><td class=\"has-text-align-center\" data-align=\"center\"><a href=\"https:\/\/drive.google.com\/file\/d\/1HNcFRvsjzivV3f0BHFBjpGKMXHFjFn8Z\/view?usp=drive_link\" target=\"_blank\" rel=\"noreferrer noopener\">2024<\/a><\/td><td class=\"has-text-align-center\" data-align=\"center\"><a href=\"https:\/\/drive.google.com\/file\/d\/1aarKJ_LrUcMNlUk-lWHgLgXLNME9T1Ot\/view?usp=drive_link\" target=\"_blank\" rel=\"noreferrer noopener\">2025<\/a><\/td><\/tr><\/tbody><\/table><figcaption class=\"wp-element-caption\"><center><font size=\"4\"><a href=\"https:\/\/isfdyt48-bue.infd.edu.ar\/sitio\/tecnicatura-superior-en-enfermeria\/\" target=\"_blank\" rel=\"noreferrer noopener\">Tecnicatura Superior en Enfermer\u00eda<\/a><\/font><\/center><\/figcaption><\/figure>\n\n\n\n<div style=\"height:53px\" aria-hidden=\"true\" class=\"wp-block-spacer\"><\/div>\n\n\n\n<figure class=\"wp-block-table\"><table><tbody><tr><td class=\"has-text-align-center\" data-align=\"center\"><a rel=\"noreferrer noopener\" href=\"https:\/\/drive.google.com\/file\/d\/1SpkN_tx1g2oAsKVrmhrUkBoovivqtdZ2\/view?usp=drive_link\" target=\"_blank\">2024<\/a><\/td><td class=\"has-text-align-center\" data-align=\"center\"><a rel=\"noreferrer noopener\" href=\"https:\/\/drive.google.com\/file\/d\/1CZsUaaSzM_icaX1inSN-P3cG5lP5aBpo\/view?usp=sharing\" target=\"_blank\">2025<\/a><\/td><\/tr><\/tbody><\/table><figcaption class=\"wp-element-caption\"><center><font size=\"4\"><a href=\"https:\/\/isfdyt48-bue.infd.edu.ar\/sitio\/profesorado-de-educacion-secundaria-en-fisica\/\" target=\"_blank\" rel=\"noreferrer noopener\">Profesorado de F\u00edsica<\/a><\/font><\/center><\/figcaption><\/figure>\n\n\n\n<div style=\"height:53px\" aria-hidden=\"true\" class=\"wp-block-spacer\"><\/div>\n\n\n\n<figure class=\"wp-block-table\"><table><tbody><tr><td class=\"has-text-align-center\" data-align=\"center\"><a rel=\"noreferrer noopener\" href=\"https:\/\/drive.google.com\/file\/d\/1HyatRee4OhSYZ5G1tfqkrsFz8nWD4e1u\/view?usp=sharing\" target=\"_blank\">2024<\/a><\/td><td class=\"has-text-align-center\" data-align=\"center\"><a href=\"https:\/\/drive.google.com\/file\/d\/10Fa_f_2CFAsHoAtggyF0D1MBp5HXVaPP\/view?usp=sharing\" target=\"_blank\" rel=\"noreferrer noopener\">2025<\/a><\/td><\/tr><\/tbody><\/table><figcaption class=\"wp-element-caption\"><center><font size=\"4\"><a href=\"https:\/\/isfdyt48-bue.infd.edu.ar\/sitio\/tecnicatura-superior-en-servicios-gastronomicos\/\" target=\"_blank\" rel=\"noreferrer noopener\">Tecnicatura Superior en Servicios Gastron\u00f3micos<\/a><\/font><\/center><\/figcaption><\/figure>\n\n\n\n<div style=\"height:162px\" aria-hidden=\"true\" class=\"wp-block-spacer\"><\/div>\n\n\n\n<p>Si detectas que falta alg\u00fan proyecto por favor escribinos a trav\u00e9s del <a href=\"https:\/\/isfdyt48-bue.infd.edu.ar\/sitio\/contacto\/\" target=\"_blank\" rel=\"noreferrer noopener\">formulario de contacto<\/a><\/p>\n","protected":false},"excerpt":{"rendered":"<p>2019 2020 2021 2022 2023 2024 2025 Profesorado de Educaci\u00f3n F\u00edsica 2019 2020 2021 2022 2023 2024 2025 Profesorado de Ingles 2019 2020 2021 2022 2023 2024 2025 Profesorado de Educaci\u00f3n Primaria 2019 2020 2021 2022 2023 2024 2025 Profesorado de Lengua y Literatura 2019 2020 2021 2022 2023 2024 2025 Profesorado de Biolog\u00eda 2019 &#8230; <a title=\"Proyectos Materias I.S.F.D.y T. N\u00ba 48\" class=\"read-more\" href=\"https:\/\/isfdyt48-bue.infd.edu.ar\/sitio\/proyectos-materias-i-s-f-d-y-t-no-48\/\" aria-label=\"More on Proyectos Materias I.S.F.D.y T. N\u00ba 48\">[+]<\/a><\/p>\n","protected":false},"author":135,"featured_media":0,"parent":0,"menu_order":0,"comment_status":"closed","ping_status":"closed","template":"","meta":[],"acf":[],"_links":{"self":[{"href":"https:\/\/isfdyt48-bue.infd.edu.ar\/sitio\/wp-json\/wp\/v2\/pages\/4836"}],"collection":[{"href":"https:\/\/isfdyt48-bue.infd.edu.ar\/sitio\/wp-json\/wp\/v2\/pages"}],"about":[{"href":"https:\/\/isfdyt48-bue.infd.edu.ar\/sitio\/wp-json\/wp\/v2\/types\/page"}],"author":[{"embeddable":true,"href":"https:\/\/isfdyt48-bue.infd.edu.ar\/sitio\/wp-json\/wp\/v2\/users\/135"}],"replies":[{"embeddable":true,"href":"https:\/\/isfdyt48-bue.infd.edu.ar\/sitio\/wp-json\/wp\/v2\/comments?post=4836"}],"version-history":[{"count":45,"href":"https:\/\/isfdyt48-bue.infd.edu.ar\/sitio\/wp-json\/wp\/v2\/pages\/4836\/revisions"}],"predecessor-version":[{"id":5651,"href":"https:\/\/isfdyt48-bue.infd.edu.ar\/sitio\/wp-json\/wp\/v2\/pages\/4836\/revisions\/5651"}],"wp:attachment":[{"href":"https:\/\/isfdyt48-bue.infd.edu.ar\/sitio\/wp-json\/wp\/v2\/media?parent=4836"}],"curies":[{"name":"wp","href":"https:\/\/api.w.org\/{rel}","templated":true}]}}