{"id":4968,"date":"2022-05-03T09:33:39","date_gmt":"2022-05-03T12:33:39","guid":{"rendered":"https:\/\/isfdyt48-bue.infd.edu.ar\/sitio\/?page_id=4968"},"modified":"2022-05-03T09:33:40","modified_gmt":"2022-05-03T12:33:40","slug":"proyectos-de-investigacion-enfermeria","status":"publish","type":"page","link":"https:\/\/isfdyt48-bue.infd.edu.ar\/sitio\/proyectos-de-investigacion-enfermeria\/","title":{"rendered":"Proyectos de Investigaci\u00f3n Enfermer\u00eda"},"content":{"rendered":"\n<h1 class=\"has-text-align-center has-black-color has-text-color wp-block-heading\">Proyectos de Investigaci\u00f3n<\/h1>\n\n\n\n<h4 class=\"has-text-align-center has-black-color has-text-color wp-block-heading\">Tecnicatura Superior en Enfermer\u00eda<\/h4>\n\n\n\n<div style=\"height:69px\" aria-hidden=\"true\" class=\"wp-block-spacer\"><\/div>\n\n\n\n<ul><li><a href=\"https:\/\/isfdyt48-bue.infd.edu.ar\/sitio\/wp-content\/uploads\/2022\/05\/Consumo_de_alcohol.pdf\" target=\"_blank\" rel=\"noreferrer noopener\">Consumo de Alcohol<\/a><\/li><li><a href=\"https:\/\/isfdyt48-bue.infd.edu.ar\/sitio\/wp-content\/uploads\/2022\/05\/Consumo_y_beneficios_de_la_leche_entera_y_descremada.pdf\" target=\"_blank\" rel=\"noreferrer noopener\">Consumo y Beneficios de la Leche Entera<\/a><\/li><li><a href=\"https:\/\/isfdyt48-bue.infd.edu.ar\/sitio\/wp-content\/uploads\/2022\/05\/DESERCION_ESCOLAR.pdf\" target=\"_blank\" rel=\"noreferrer noopener\">Deserci\u00f3n Escolar<\/a><\/li><li><a href=\"https:\/\/isfdyt48-bue.infd.edu.ar\/sitio\/wp-content\/uploads\/2022\/05\/EMBARAZO_ADOLESCENTE_VS_MATERNIDAD_TARDI.pdf\" target=\"_blank\" rel=\"noreferrer noopener\">Embarazo Adolescente vs. Maternidad Tard\u00eda<\/a><\/li><li><a href=\"https:\/\/isfdyt48-bue.infd.edu.ar\/sitio\/wp-content\/uploads\/2022\/05\/Estudio_sobre_prevalencia_de_tabaquismo_ISFDyT_N_48_1.pdf\" target=\"_blank\" rel=\"noreferrer noopener\">Prevalencia del Tabaquismo<\/a><\/li><li><a href=\"https:\/\/isfdyt48-bue.infd.edu.ar\/sitio\/wp-content\/uploads\/2022\/05\/Hipertension-Arterial.pdf\" target=\"_blank\" rel=\"noreferrer noopener\">Hipertensi\u00f3n Arterial<\/a><\/li><li><a href=\"https:\/\/isfdyt48-bue.infd.edu.ar\/sitio\/wp-content\/uploads\/2022\/05\/IMPORTANCIA_DE_LA_LACTANCIA_MATERNA.pdf\" target=\"_blank\" rel=\"noreferrer noopener\">Importancia de la Lactancia Materna<\/a><\/li><li><a href=\"https:\/\/isfdyt48-bue.infd.edu.ar\/sitio\/wp-content\/uploads\/2022\/05\/LA_ACTIVIDAD_FISICA_Y_LA_BUENA_NUTRICION_COMO_EJES_DEL_CRECIMIENTO.pdf\" target=\"_blank\" rel=\"noreferrer noopener\">La Actividad Fisica y la Buena Nutrici\u00f3n como Ejes del Crecimiento<\/a><\/li><li><a href=\"https:\/\/isfdyt48-bue.infd.edu.ar\/sitio\/wp-content\/uploads\/2022\/05\/Niveles-de-Tension-arterial-en-la-carrera-de-Biologia-y-la-carrera-de-Ed.-Fisica.pdf\" target=\"_blank\" rel=\"noreferrer noopener\">Niveles de Tensi\u00f3n Arterial en las Carreras de Biolog\u00eda y Educaci\u00f3n F\u00edsica<\/a><\/li><li><a href=\"https:\/\/isfdyt48-bue.infd.edu.ar\/sitio\/wp-content\/uploads\/2022\/05\/Prevalencia_de_trastornos_mentales.pdf\" target=\"_blank\" rel=\"noreferrer noopener\">Prevalencia de Transtornos Mentales<\/a><\/li><li><a href=\"https:\/\/isfdyt48-bue.infd.edu.ar\/sitio\/wp-content\/uploads\/2022\/05\/UNIDADES_SANITARIAS_Y_SALUD_COLECTIVA-PIGUE.pdf\" target=\"_blank\" rel=\"noreferrer noopener\">Unidades Sanitarias y Salud Colectiva Pig\u00fce<\/a><\/li><li><a href=\"https:\/\/isfdyt48-bue.infd.edu.ar\/sitio\/wp-content\/uploads\/2022\/05\/VIOLENCIA-INTRAFAMILIAR.pdf\" target=\"_blank\" rel=\"noreferrer noopener\">Violencia Intrafamiliar<\/a><\/li><\/ul>\n","protected":false},"excerpt":{"rendered":"<p>Proyectos de Investigaci\u00f3n Tecnicatura Superior en Enfermer\u00eda Consumo de Alcohol Consumo y Beneficios de la Leche Entera Deserci\u00f3n Escolar Embarazo Adolescente vs. Maternidad Tard\u00eda Prevalencia del Tabaquismo Hipertensi\u00f3n Arterial Importancia de la Lactancia Materna La Actividad Fisica y la Buena Nutrici\u00f3n como Ejes del Crecimiento Niveles de Tensi\u00f3n Arterial en las Carreras de Biolog\u00eda y &#8230; <a title=\"Proyectos de Investigaci\u00f3n Enfermer\u00eda\" class=\"read-more\" href=\"https:\/\/isfdyt48-bue.infd.edu.ar\/sitio\/proyectos-de-investigacion-enfermeria\/\" aria-label=\"More on Proyectos de Investigaci\u00f3n Enfermer\u00eda\">[+]<\/a><\/p>\n","protected":false},"author":618,"featured_media":0,"parent":0,"menu_order":0,"comment_status":"closed","ping_status":"closed","template":"","meta":[],"acf":[],"_links":{"self":[{"href":"https:\/\/isfdyt48-bue.infd.edu.ar\/sitio\/wp-json\/wp\/v2\/pages\/4968"}],"collection":[{"href":"https:\/\/isfdyt48-bue.infd.edu.ar\/sitio\/wp-json\/wp\/v2\/pages"}],"about":[{"href":"https:\/\/isfdyt48-bue.infd.edu.ar\/sitio\/wp-json\/wp\/v2\/types\/page"}],"author":[{"embeddable":true,"href":"https:\/\/isfdyt48-bue.infd.edu.ar\/sitio\/wp-json\/wp\/v2\/users\/618"}],"replies":[{"embeddable":true,"href":"https:\/\/isfdyt48-bue.infd.edu.ar\/sitio\/wp-json\/wp\/v2\/comments?post=4968"}],"version-history":[{"count":1,"href":"https:\/\/isfdyt48-bue.infd.edu.ar\/sitio\/wp-json\/wp\/v2\/pages\/4968\/revisions"}],"predecessor-version":[{"id":4970,"href":"https:\/\/isfdyt48-bue.infd.edu.ar\/sitio\/wp-json\/wp\/v2\/pages\/4968\/revisions\/4970"}],"wp:attachment":[{"href":"https:\/\/isfdyt48-bue.infd.edu.ar\/sitio\/wp-json\/wp\/v2\/media?parent=4968"}],"curies":[{"name":"wp","href":"https:\/\/api.w.org\/{rel}","templated":true}]}}