{"id":5001,"date":"2022-05-06T08:59:22","date_gmt":"2022-05-06T11:59:22","guid":{"rendered":"https:\/\/isfdyt48-bue.infd.edu.ar\/sitio\/?page_id=5001"},"modified":"2026-04-01T11:11:08","modified_gmt":"2026-04-01T14:11:08","slug":"trabajos-creados-por-alumnos","status":"publish","type":"page","link":"https:\/\/isfdyt48-bue.infd.edu.ar\/sitio\/trabajos-creados-por-alumnos\/","title":{"rendered":"Trabajos Creados por Alumnos"},"content":{"rendered":"\n<p><a rel=\"noreferrer noopener\" href=\"https:\/\/isfdyt48-bue.infd.edu.ar\/sitio\/proyectos-de-investigacion-enfermeria\/\" target=\"_blank\">Proyectos de Investigaci\u00f3n Tecnicatura Superior en Enfermer\u00eda<\/a><\/p>\n\n\n\n<div style=\"height:10px\" aria-hidden=\"true\" class=\"wp-block-spacer\"><\/div>\n\n\n\n<p><a rel=\"noreferrer noopener\" href=\"https:\/\/youtu.be\/90FFqpsE1RE\" target=\"_blank\">Alfabetizaci\u00f3n Acad\u00e9mica, que es y cual es su Importancia &#8211; Material Creado por Alumnos del Profesorado de Ingles &#8211;<\/a><\/p>\n\n\n\n<div style=\"height:8px\" aria-hidden=\"true\" class=\"wp-block-spacer\"><\/div>\n\n\n\n<p><a href=\"https:\/\/youtu.be\/xJZoQ16vRiA\" target=\"_blank\" rel=\"noreferrer noopener\">Manual de Lectura y Escritura Universitaria, de Sylvia Nogueira &#8211; Material Creado por Alumnos del Profesorado de Ingles &#8211;<\/a><\/p>\n\n\n\n<div style=\"height:10px\" aria-hidden=\"true\" class=\"wp-block-spacer\"><\/div>\n\n\n\n<p><a rel=\"noreferrer noopener\" href=\"https:\/\/www.youtube.com\/watch?v=eLFenyLBVk8\" target=\"_blank\">Noticiero del 48 &#8211; Material Creado por Alumnos de la Tecnicatura Superior en Comunicaci\u00f3n Multimedial &#8211;<\/a> <\/p>\n\n\n\n<div style=\"height:11px\" aria-hidden=\"true\" class=\"wp-block-spacer\"><\/div>\n\n\n\n<p><a rel=\"noreferrer noopener\" href=\"https:\/\/isfdyt48-bue.infd.edu.ar\/sitio\/como-ejercer-la-autoridad-ep\/\" target=\"_blank\">Como Ejercer la Autoridad &#8211; Material Creado por Alumnos del Profesorado de Educaci\u00f3n Primaria &#8211;<\/a><\/p>\n\n\n\n<div style=\"height:13px\" aria-hidden=\"true\" class=\"wp-block-spacer\"><\/div>\n\n\n\n<p>Audiolibro <a href=\"https:\/\/youtu.be\/QWKJO9mgEpg\" target=\"_blank\" rel=\"noreferrer noopener\">\u00abThe fall of the house of Usher\u00bb<\/a> de Edgard Alan Poe &#8211; (podes descargar el libro <a href=\"https:\/\/isfdyt48-bue.infd.edu.ar\/sitio\/wp-content\/uploads\/2024\/11\/the_fall_of_the_house_of_usher.pdf\" target=\"_blank\" rel=\"noreferrer noopener\">aqu\u00ed<\/a>) &#8211; Material Creado por Alumnos del Profesorado de Ingles &#8211;                               <\/p>\n\n\n\n<div style=\"height:11px\" aria-hidden=\"true\" class=\"wp-block-spacer\"><\/div>\n\n\n\n<p>Audiolibro <a href=\"https:\/\/youtu.be\/yozbvxJczYM\" target=\"_blank\" rel=\"noreferrer noopener\">\u00abLittle Red Riding Hood &#8211; Revolting rhymes\u00bb<\/a> de Roald Dahl &#8211; Material Creado por Alumnos del Profesorado de Ingles &#8211;<\/p>\n\n\n\n<div style=\"height:11px\" aria-hidden=\"true\" class=\"wp-block-spacer\"><\/div>\n\n\n\n<p>Audiolibro <a rel=\"noreferrer noopener\" href=\"https:\/\/youtu.be\/V214bP55mnI\" target=\"_blank\">\u00abCinderella &#8211; Revolting rhymes\u00bb<\/a> de Roald Dahl &#8211; Material Creado por Alumnos del Profesorado de Ingles &#8211;<\/p>\n\n\n\n<p><a href=\"https:\/\/drive.google.com\/file\/d\/1RoNj425ZrWSdPFwl39t2ESep5qHUP2Bc\/view?usp=drive_link\" target=\"_blank\" rel=\"noreferrer noopener\">Capturando Momentos<\/a> &#8211; Material Creados por Alumnos de la Tecnicatura Superior en Comunicaci\u00f3n Multimedial<\/p>\n","protected":false},"excerpt":{"rendered":"<p>Proyectos de Investigaci\u00f3n Tecnicatura Superior en Enfermer\u00eda Alfabetizaci\u00f3n Acad\u00e9mica, que es y cual es su Importancia &#8211; Material Creado por Alumnos del Profesorado de Ingles &#8211; Manual de Lectura y Escritura Universitaria, de Sylvia Nogueira &#8211; Material Creado por Alumnos del Profesorado de Ingles &#8211; Noticiero del 48 &#8211; Material Creado por Alumnos de la &#8230; <a title=\"Trabajos Creados por Alumnos\" class=\"read-more\" href=\"https:\/\/isfdyt48-bue.infd.edu.ar\/sitio\/trabajos-creados-por-alumnos\/\" aria-label=\"More on Trabajos Creados por Alumnos\">[+]<\/a><\/p>\n","protected":false},"author":618,"featured_media":0,"parent":0,"menu_order":0,"comment_status":"closed","ping_status":"closed","template":"","meta":[],"acf":[],"_links":{"self":[{"href":"https:\/\/isfdyt48-bue.infd.edu.ar\/sitio\/wp-json\/wp\/v2\/pages\/5001"}],"collection":[{"href":"https:\/\/isfdyt48-bue.infd.edu.ar\/sitio\/wp-json\/wp\/v2\/pages"}],"about":[{"href":"https:\/\/isfdyt48-bue.infd.edu.ar\/sitio\/wp-json\/wp\/v2\/types\/page"}],"author":[{"embeddable":true,"href":"https:\/\/isfdyt48-bue.infd.edu.ar\/sitio\/wp-json\/wp\/v2\/users\/618"}],"replies":[{"embeddable":true,"href":"https:\/\/isfdyt48-bue.infd.edu.ar\/sitio\/wp-json\/wp\/v2\/comments?post=5001"}],"version-history":[{"count":9,"href":"https:\/\/isfdyt48-bue.infd.edu.ar\/sitio\/wp-json\/wp\/v2\/pages\/5001\/revisions"}],"predecessor-version":[{"id":5658,"href":"https:\/\/isfdyt48-bue.infd.edu.ar\/sitio\/wp-json\/wp\/v2\/pages\/5001\/revisions\/5658"}],"wp:attachment":[{"href":"https:\/\/isfdyt48-bue.infd.edu.ar\/sitio\/wp-json\/wp\/v2\/media?parent=5001"}],"curies":[{"name":"wp","href":"https:\/\/api.w.org\/{rel}","templated":true}]}}