{"id":5162,"date":"2023-04-05T09:53:28","date_gmt":"2023-04-05T12:53:28","guid":{"rendered":"https:\/\/isfdyt48-bue.infd.edu.ar\/sitio\/?page_id=5162"},"modified":"2023-04-05T09:53:29","modified_gmt":"2023-04-05T12:53:29","slug":"profesorado-en-biologia-plan-nuevo","status":"publish","type":"page","link":"https:\/\/isfdyt48-bue.infd.edu.ar\/sitio\/profesorado-en-biologia-plan-nuevo\/","title":{"rendered":"Profesorado en Biolog\u00eda &#8211; Plan Nuevo &#8211;"},"content":{"rendered":"\n<p class=\"has-normal-font-size\"><strong>Profesorado de Biolog\u00eda<\/strong> &#8211; Plan Nuevo &#8211;<\/p>\n\n\n\n<p class=\"has-normal-font-size\"><strong>RM 3605\/22<\/strong><\/p>\n\n\n\n<p class=\"has-normal-font-size\"><strong>Carga Horaria Total 3008 Hs<\/strong><\/p>\n\n\n<div class=\"wp-block-image\">\n<figure class=\"aligncenter size-full is-resized\"><img decoding=\"async\" loading=\"lazy\" src=\"https:\/\/isfdyt48-bue.infd.edu.ar\/sitio\/wp-content\/uploads\/2023\/04\/Plan-de-Estudios_Biologia_Nuevo.jpg\" alt=\"\" class=\"wp-image-5165\" width=\"532\" height=\"598\"\/><figcaption class=\"wp-element-caption\">Resoluci\u00f3n Ministerial 3605\/22<\/figcaption><\/figure><\/div>\n\n\n<p>Podes descargarlo <a href=\"https:\/\/isfdyt48-bue.infd.edu.ar\/sitio\/wp-content\/uploads\/2023\/04\/Plan-de-Estudios_Biologia_Nuevo.jpg\" target=\"_blank\" rel=\"noreferrer noopener\">aqu\u00ed<\/a><\/p>\n\n\n\n<p><\/p>\n\n\n\n<p><strong>Correlatividades<\/strong><\/p>\n\n\n<div class=\"wp-block-image\">\n<figure class=\"aligncenter size-full is-resized\"><img decoding=\"async\" loading=\"lazy\" src=\"https:\/\/isfdyt48-bue.infd.edu.ar\/sitio\/wp-content\/uploads\/2023\/04\/Correlatividades_Biologia_Plan-Nuevo.jpg\" alt=\"\" class=\"wp-image-5168\" width=\"484\" height=\"1565\"\/><\/figure><\/div>\n\n\n<p>Podes descargarlo <a href=\"https:\/\/isfdyt48-bue.infd.edu.ar\/sitio\/wp-content\/uploads\/2023\/04\/Correlatividades_Biologia_Plan-Nuevo.jpg\" target=\"_blank\" rel=\"noreferrer noopener\">aqu\u00ed<\/a><\/p>\n\n\n\n<p><a href=\"https:\/\/isfdyt48-bue.infd.edu.ar\/sitio\/wp-content\/uploads\/2023\/04\/Biologia_RM-3605-2022.pdf\" target=\"_blank\" rel=\"noreferrer noopener\">Descargar Dise\u00f1o Curricular<\/a><\/p>\n","protected":false},"excerpt":{"rendered":"<p>Profesorado de Biolog\u00eda &#8211; Plan Nuevo &#8211; RM 3605\/22 Carga Horaria Total 3008 Hs Podes descargarlo aqu\u00ed Correlatividades Podes descargarlo aqu\u00ed Descargar Dise\u00f1o Curricular<\/p>\n","protected":false},"author":618,"featured_media":0,"parent":0,"menu_order":0,"comment_status":"closed","ping_status":"closed","template":"","meta":[],"acf":[],"_links":{"self":[{"href":"https:\/\/isfdyt48-bue.infd.edu.ar\/sitio\/wp-json\/wp\/v2\/pages\/5162"}],"collection":[{"href":"https:\/\/isfdyt48-bue.infd.edu.ar\/sitio\/wp-json\/wp\/v2\/pages"}],"about":[{"href":"https:\/\/isfdyt48-bue.infd.edu.ar\/sitio\/wp-json\/wp\/v2\/types\/page"}],"author":[{"embeddable":true,"href":"https:\/\/isfdyt48-bue.infd.edu.ar\/sitio\/wp-json\/wp\/v2\/users\/618"}],"replies":[{"embeddable":true,"href":"https:\/\/isfdyt48-bue.infd.edu.ar\/sitio\/wp-json\/wp\/v2\/comments?post=5162"}],"version-history":[{"count":4,"href":"https:\/\/isfdyt48-bue.infd.edu.ar\/sitio\/wp-json\/wp\/v2\/pages\/5162\/revisions"}],"predecessor-version":[{"id":5171,"href":"https:\/\/isfdyt48-bue.infd.edu.ar\/sitio\/wp-json\/wp\/v2\/pages\/5162\/revisions\/5171"}],"wp:attachment":[{"href":"https:\/\/isfdyt48-bue.infd.edu.ar\/sitio\/wp-json\/wp\/v2\/media?parent=5162"}],"curies":[{"name":"wp","href":"https:\/\/api.w.org\/{rel}","templated":true}]}}