{"id":5295,"date":"2023-12-20T09:59:03","date_gmt":"2023-12-20T12:59:03","guid":{"rendered":"https:\/\/isfdyt48-bue.infd.edu.ar\/sitio\/?page_id=5295"},"modified":"2023-12-20T10:09:58","modified_gmt":"2023-12-20T13:09:58","slug":"profesorado-de-educacion-secundaria-en-fisica","status":"publish","type":"page","link":"https:\/\/isfdyt48-bue.infd.edu.ar\/sitio\/profesorado-de-educacion-secundaria-en-fisica\/","title":{"rendered":"Profesorado de Educaci\u00f3n Secundaria en F\u00edsica"},"content":{"rendered":"\n<p><strong>Profesorado de Educaci\u00f3n Secundaria en F\u00edsica<\/strong><\/p>\n\n\n\n<p><strong>RM 3607\/22<\/strong><\/p>\n\n\n\n<p><strong>Carga Horaria Total 3008 Hs<\/strong><\/p>\n\n\n<div class=\"wp-block-image\">\n<figure class=\"aligncenter size-large is-resized\"><img decoding=\"async\" loading=\"lazy\" src=\"https:\/\/isfdyt48-bue.infd.edu.ar\/sitio\/wp-content\/uploads\/2023\/12\/Plan-de-Estudios_Profesorado-de-Fisica.jpg\" alt=\"\" width=\"786\" height=\"500\"\/><\/figure><\/div>\n\n\n<p>Podes descargarlo <a href=\"https:\/\/isfdyt48-bue.infd.edu.ar\/sitio\/wp-content\/uploads\/2023\/12\/Plan-de-Estudios_Profesorado-de-Fisica.jpg\" target=\"_blank\" rel=\"noreferrer noopener\">aqu\u00ed<\/a><\/p>\n\n\n\n<p><strong>Correlatividades<\/strong><\/p>\n\n\n<div class=\"wp-block-image\">\n<figure class=\"aligncenter size-large\"><img decoding=\"async\" src=\"https:\/\/isfdyt48-bue.infd.edu.ar\/sitio\/wp-content\/uploads\/2023\/12\/Correlatividades_Fisica.jpg\" alt=\"\"\/><\/figure><\/div>\n\n\n<p>Podes Descargarlo <a href=\"https:\/\/isfdyt48-bue.infd.edu.ar\/sitio\/wp-content\/uploads\/2023\/12\/Correlatividades_Fisica.jpg\" target=\"_blank\" rel=\"noreferrer noopener\">aqu\u00ed<\/a><\/p>\n\n\n\n<p><a href=\"https:\/\/isfdyt48-bue.infd.edu.ar\/sitio\/wp-content\/uploads\/2023\/12\/Diseno-Curricular-del-Profesorado-de-Educacion-Secundaria-en-FISICA-Plan-2022.pdf\" target=\"_blank\" rel=\"noreferrer noopener\">Descargar Dise\u00f1o Curricular<\/a><\/p>\n","protected":false},"excerpt":{"rendered":"<p>Profesorado de Educaci\u00f3n Secundaria en F\u00edsica RM 3607\/22 Carga Horaria Total 3008 Hs Podes descargarlo aqu\u00ed Correlatividades Podes Descargarlo aqu\u00ed Descargar Dise\u00f1o Curricular<\/p>\n","protected":false},"author":618,"featured_media":0,"parent":0,"menu_order":0,"comment_status":"closed","ping_status":"closed","template":"","meta":[],"acf":[],"_links":{"self":[{"href":"https:\/\/isfdyt48-bue.infd.edu.ar\/sitio\/wp-json\/wp\/v2\/pages\/5295"}],"collection":[{"href":"https:\/\/isfdyt48-bue.infd.edu.ar\/sitio\/wp-json\/wp\/v2\/pages"}],"about":[{"href":"https:\/\/isfdyt48-bue.infd.edu.ar\/sitio\/wp-json\/wp\/v2\/types\/page"}],"author":[{"embeddable":true,"href":"https:\/\/isfdyt48-bue.infd.edu.ar\/sitio\/wp-json\/wp\/v2\/users\/618"}],"replies":[{"embeddable":true,"href":"https:\/\/isfdyt48-bue.infd.edu.ar\/sitio\/wp-json\/wp\/v2\/comments?post=5295"}],"version-history":[{"count":4,"href":"https:\/\/isfdyt48-bue.infd.edu.ar\/sitio\/wp-json\/wp\/v2\/pages\/5295\/revisions"}],"predecessor-version":[{"id":5305,"href":"https:\/\/isfdyt48-bue.infd.edu.ar\/sitio\/wp-json\/wp\/v2\/pages\/5295\/revisions\/5305"}],"wp:attachment":[{"href":"https:\/\/isfdyt48-bue.infd.edu.ar\/sitio\/wp-json\/wp\/v2\/media?parent=5295"}],"curies":[{"name":"wp","href":"https:\/\/api.w.org\/{rel}","templated":true}]}}