{"id":5306,"date":"2023-12-26T09:13:24","date_gmt":"2023-12-26T12:13:24","guid":{"rendered":"https:\/\/isfdyt48-bue.infd.edu.ar\/sitio\/?page_id=5306"},"modified":"2023-12-26T09:13:25","modified_gmt":"2023-12-26T12:13:25","slug":"tecnicatura-superior-en-servicios-gastronomicos","status":"publish","type":"page","link":"https:\/\/isfdyt48-bue.infd.edu.ar\/sitio\/tecnicatura-superior-en-servicios-gastronomicos\/","title":{"rendered":"Tecnicatura Superior en Servicios Gastron\u00f3micos"},"content":{"rendered":"\n<p><strong>Tecnicatura Superior en Servicios Gastron\u00f3micos<\/strong><\/p>\n\n\n\n<p><strong>RM 3753\/11<\/strong><\/p>\n\n\n\n<p><strong>Carga Horaria Total 1632 Hs<\/strong><\/p>\n\n\n<div class=\"wp-block-image\">\n<figure class=\"aligncenter size-full\"><img decoding=\"async\" loading=\"lazy\" width=\"770\" height=\"440\" src=\"https:\/\/isfdyt48-bue.infd.edu.ar\/sitio\/wp-content\/uploads\/2023\/12\/Plan-de-Estudios_Servicios-Gastronomicos.jpg\" alt=\"\" class=\"wp-image-5308\" srcset=\"https:\/\/isfdyt48-bue.infd.edu.ar\/sitio\/wp-content\/uploads\/2023\/12\/Plan-de-Estudios_Servicios-Gastronomicos.jpg 770w, https:\/\/isfdyt48-bue.infd.edu.ar\/sitio\/wp-content\/uploads\/2023\/12\/Plan-de-Estudios_Servicios-Gastronomicos-768x439.jpg 768w\" sizes=\"(max-width: 770px) 100vw, 770px\" \/><\/figure><\/div>\n\n\n<p>Podes descargarlo <a href=\"https:\/\/isfdyt48-bue.infd.edu.ar\/sitio\/wp-content\/uploads\/2023\/12\/Plan-de-Estudios_Servicios-Gastronomicos.jpg\" target=\"_blank\" rel=\"noreferrer noopener\">aqu\u00ed<\/a><\/p>\n\n\n\n<p><strong>Correlatividades<\/strong><\/p>\n\n\n<div class=\"wp-block-image\">\n<figure class=\"aligncenter size-full is-resized\"><img decoding=\"async\" loading=\"lazy\" src=\"https:\/\/isfdyt48-bue.infd.edu.ar\/sitio\/wp-content\/uploads\/2023\/12\/Correlatividades_Servicios-Gastronomicos.jpg\" alt=\"\" class=\"wp-image-5309\" width=\"678\" height=\"915\" srcset=\"https:\/\/isfdyt48-bue.infd.edu.ar\/sitio\/wp-content\/uploads\/2023\/12\/Correlatividades_Servicios-Gastronomicos.jpg 904w, https:\/\/isfdyt48-bue.infd.edu.ar\/sitio\/wp-content\/uploads\/2023\/12\/Correlatividades_Servicios-Gastronomicos-741x1000.jpg 741w, https:\/\/isfdyt48-bue.infd.edu.ar\/sitio\/wp-content\/uploads\/2023\/12\/Correlatividades_Servicios-Gastronomicos-768x1036.jpg 768w\" sizes=\"(max-width: 678px) 100vw, 678px\" \/><\/figure><\/div>\n\n\n<p>Podes descargarlo <a href=\"https:\/\/isfdyt48-bue.infd.edu.ar\/sitio\/wp-content\/uploads\/2023\/12\/Correlatividades_Servicios-Gastronomicos.jpg\" target=\"_blank\" rel=\"noreferrer noopener\">aqu\u00ed<\/a><\/p>\n\n\n\n<p><a href=\"https:\/\/isfdyt48-bue.infd.edu.ar\/sitio\/wp-content\/uploads\/2023\/12\/Servicios-Gastronomicos-3753-11_.pdf\">Descargar Dise\u00f1o Curricular<\/a><\/p>\n","protected":false},"excerpt":{"rendered":"<p>Tecnicatura Superior en Servicios Gastron\u00f3micos RM 3753\/11 Carga Horaria Total 1632 Hs Podes descargarlo aqu\u00ed Correlatividades Podes descargarlo aqu\u00ed Descargar Dise\u00f1o Curricular<\/p>\n","protected":false},"author":618,"featured_media":0,"parent":0,"menu_order":0,"comment_status":"closed","ping_status":"closed","template":"","meta":[],"acf":[],"_links":{"self":[{"href":"https:\/\/isfdyt48-bue.infd.edu.ar\/sitio\/wp-json\/wp\/v2\/pages\/5306"}],"collection":[{"href":"https:\/\/isfdyt48-bue.infd.edu.ar\/sitio\/wp-json\/wp\/v2\/pages"}],"about":[{"href":"https:\/\/isfdyt48-bue.infd.edu.ar\/sitio\/wp-json\/wp\/v2\/types\/page"}],"author":[{"embeddable":true,"href":"https:\/\/isfdyt48-bue.infd.edu.ar\/sitio\/wp-json\/wp\/v2\/users\/618"}],"replies":[{"embeddable":true,"href":"https:\/\/isfdyt48-bue.infd.edu.ar\/sitio\/wp-json\/wp\/v2\/comments?post=5306"}],"version-history":[{"count":2,"href":"https:\/\/isfdyt48-bue.infd.edu.ar\/sitio\/wp-json\/wp\/v2\/pages\/5306\/revisions"}],"predecessor-version":[{"id":5312,"href":"https:\/\/isfdyt48-bue.infd.edu.ar\/sitio\/wp-json\/wp\/v2\/pages\/5306\/revisions\/5312"}],"wp:attachment":[{"href":"https:\/\/isfdyt48-bue.infd.edu.ar\/sitio\/wp-json\/wp\/v2\/media?parent=5306"}],"curies":[{"name":"wp","href":"https:\/\/api.w.org\/{rel}","templated":true}]}}