{"id":5610,"date":"2025-12-04T08:50:32","date_gmt":"2025-12-04T11:50:32","guid":{"rendered":"https:\/\/isfdyt48-bue.infd.edu.ar\/sitio\/?page_id=5610"},"modified":"2025-12-04T08:50:34","modified_gmt":"2025-12-04T11:50:34","slug":"tecnicatura-superior-en-servicios-gastronomicos-plan-nuevo","status":"publish","type":"page","link":"https:\/\/isfdyt48-bue.infd.edu.ar\/sitio\/tecnicatura-superior-en-servicios-gastronomicos-plan-nuevo\/","title":{"rendered":"Tecnicatura Superior en Servicios Gastron\u00f3micos Plan Nuevo"},"content":{"rendered":"\n<p><strong>Tecnicatura Superior en Servicios Gastron\u00f3micos<\/strong>\u00a0\u2013 Plan Nuevo \u2013<\/p>\n\n\n\n<p><strong>RM 6176\/25<\/strong><\/p>\n\n\n\n<p><strong>Carga Horaria Total 1632<\/strong><\/p>\n\n\n<div class=\"wp-block-image\">\n<figure class=\"aligncenter size-full\"><img decoding=\"async\" loading=\"lazy\" width=\"770\" height=\"555\" src=\"https:\/\/isfdyt48-bue.infd.edu.ar\/sitio\/wp-content\/uploads\/2025\/12\/Plan-de-Estudios_Servicios-Gastronomicos-Nuevo-Plan-1.jpg\" alt=\"\" class=\"wp-image-5620\" srcset=\"https:\/\/isfdyt48-bue.infd.edu.ar\/sitio\/wp-content\/uploads\/2025\/12\/Plan-de-Estudios_Servicios-Gastronomicos-Nuevo-Plan-1.jpg 770w, https:\/\/isfdyt48-bue.infd.edu.ar\/sitio\/wp-content\/uploads\/2025\/12\/Plan-de-Estudios_Servicios-Gastronomicos-Nuevo-Plan-1-768x554.jpg 768w\" sizes=\"(max-width: 770px) 100vw, 770px\" \/><\/figure><\/div>\n\n\n<p>Podes descargarlo <a href=\"https:\/\/isfdyt48-bue.infd.edu.ar\/sitio\/wp-content\/uploads\/2025\/12\/Plan-de-Estudios_Servicios-Gastronomicos-Nuevo-Plan-2.jpg\" target=\"_blank\" rel=\"noreferrer noopener\">aqu\u00ed<\/a><\/p>\n\n\n<div class=\"wp-block-image\">\n<figure class=\"aligncenter size-full is-resized\"><img decoding=\"async\" loading=\"lazy\" src=\"https:\/\/isfdyt48-bue.infd.edu.ar\/sitio\/wp-content\/uploads\/2025\/12\/Correlatividades_Servicios-Gastronomicos-Nuevo.jpg\" alt=\"\" class=\"wp-image-5613\" width=\"678\" height=\"585\" srcset=\"https:\/\/isfdyt48-bue.infd.edu.ar\/sitio\/wp-content\/uploads\/2025\/12\/Correlatividades_Servicios-Gastronomicos-Nuevo.jpg 904w, https:\/\/isfdyt48-bue.infd.edu.ar\/sitio\/wp-content\/uploads\/2025\/12\/Correlatividades_Servicios-Gastronomicos-Nuevo-768x663.jpg 768w\" sizes=\"(max-width: 678px) 100vw, 678px\" \/><\/figure><\/div>\n\n\n<p>Podes descargarlo <a href=\"https:\/\/isfdyt48-bue.infd.edu.ar\/sitio\/wp-content\/uploads\/2025\/12\/Correlatividades_Servicios-Gastronomicos-Nuevo.jpg\" target=\"_blank\" rel=\"noreferrer noopener\">aqu\u00ed<\/a><\/p>\n\n\n\n<p><a href=\"https:\/\/isfdyt48-bue.infd.edu.ar\/sitio\/wp-content\/uploads\/2025\/12\/TS-Servicios-Gastronomicos-Res-6176-25_Plan-Nuevo-1.pdf\" target=\"_blank\" rel=\"noreferrer noopener\">Descargar Dise\u00f1o Curricular<\/a><\/p>\n","protected":false},"excerpt":{"rendered":"<p>Tecnicatura Superior en Servicios Gastron\u00f3micos\u00a0\u2013 Plan Nuevo \u2013 RM 6176\/25 Carga Horaria Total 1632 Podes descargarlo aqu\u00ed Podes descargarlo aqu\u00ed Descargar Dise\u00f1o Curricular<\/p>\n","protected":false},"author":618,"featured_media":0,"parent":0,"menu_order":0,"comment_status":"closed","ping_status":"closed","template":"","meta":[],"acf":[],"_links":{"self":[{"href":"https:\/\/isfdyt48-bue.infd.edu.ar\/sitio\/wp-json\/wp\/v2\/pages\/5610"}],"collection":[{"href":"https:\/\/isfdyt48-bue.infd.edu.ar\/sitio\/wp-json\/wp\/v2\/pages"}],"about":[{"href":"https:\/\/isfdyt48-bue.infd.edu.ar\/sitio\/wp-json\/wp\/v2\/types\/page"}],"author":[{"embeddable":true,"href":"https:\/\/isfdyt48-bue.infd.edu.ar\/sitio\/wp-json\/wp\/v2\/users\/618"}],"replies":[{"embeddable":true,"href":"https:\/\/isfdyt48-bue.infd.edu.ar\/sitio\/wp-json\/wp\/v2\/comments?post=5610"}],"version-history":[{"count":1,"href":"https:\/\/isfdyt48-bue.infd.edu.ar\/sitio\/wp-json\/wp\/v2\/pages\/5610\/revisions"}],"predecessor-version":[{"id":5623,"href":"https:\/\/isfdyt48-bue.infd.edu.ar\/sitio\/wp-json\/wp\/v2\/pages\/5610\/revisions\/5623"}],"wp:attachment":[{"href":"https:\/\/isfdyt48-bue.infd.edu.ar\/sitio\/wp-json\/wp\/v2\/media?parent=5610"}],"curies":[{"name":"wp","href":"https:\/\/api.w.org\/{rel}","templated":true}]}}