{"id":5688,"date":"2026-05-05T09:44:32","date_gmt":"2026-05-05T12:44:32","guid":{"rendered":"https:\/\/isfdyt48-bue.infd.edu.ar\/sitio\/?page_id=5688"},"modified":"2026-05-05T09:46:43","modified_gmt":"2026-05-05T12:46:43","slug":"cuerpo-docente-anexo-huanguelen","status":"publish","type":"page","link":"https:\/\/isfdyt48-bue.infd.edu.ar\/sitio\/cuerpo-docente-anexo-huanguelen\/","title":{"rendered":"Cuerpo Docente Anexo Huanguel\u00e9n"},"content":{"rendered":"\n<p class=\"has-medium-font-size\"><strong>Regente<\/strong>: Sebasti\u00e1n FILIPUZZI<\/p>\n\n\n\n<p class=\"has-medium-font-size\"><strong>Bibliotecaria<\/strong>: Anal\u00eda AGNER<\/p>\n\n\n\n<p class=\"has-medium-font-size\"><strong>Preceptora<\/strong>: Norma GARCIA<\/p>\n\n\n\n<div style=\"height:14px\" aria-hidden=\"true\" class=\"wp-block-spacer\"><\/div>\n\n\n\n<p><\/p>\n\n\n\n<figure class=\"wp-block-table alignleft is-style-stripes\"><table><tbody><tr><td>AGNER, Anal\u00eda<\/td><td><a href=\"mailto:aagner1@abc.gob.ar\">aagner1@abc.gob.ar<\/a><\/td><\/tr><tr><td>BONASEGLA, Graciela<\/td><td><a href=\"mailto:gbonasegla@abc.gob.ar\">gbonasegla@abc.gob.ar<\/a><\/td><\/tr><tr><td>CORT\u00c9S P\u00c9REZ, Camila<\/td><td><a href=\"mailto:camilacortes@abc.gob.ar\">camilacortes@abc.gob.ar<\/a><\/td><\/tr><tr><td><\/td><td><\/td><\/tr><tr><td>DE LA PAZ, Mar\u00eda Gabriela<\/td><td><a href=\"mailto:mariadelapaz@abc.gob.ar\">mariadelapaz@abc.gob.ar<\/a><\/td><\/tr><tr><td>FILIPUZZI, Ezequiel<\/td><td><a href=\"mailto:efilipuzzi1@abc.gob.ar\">efilipuzzi1@abc.gob.ar<\/a><\/td><\/tr><tr><td>FILIPUZZI, Sebasti\u00e1n<\/td><td><a href=\"mailto:sfilipuzzi@abc.gob.ar\">sfilipuzzi@abc.gob.ar<\/a><\/td><\/tr><tr><td>GARCIA, Norma<\/td><td><a href=\"mailto:normagarcia4@abc.gob.ar\">normagarcia4@abc.gob.ar<\/a><\/td><\/tr><tr><td>HENRICH, Delfina<\/td><td><a href=\"mailto:delfinahenrich@abc.gob.ar\">delfinahenrich@abc.gob.ar<\/a><\/td><\/tr><tr><td>IRIBARREN, Sonia<\/td><td><a href=\"mailto:siribarren4@abc.gob.ar\">siribarren4@abc.gob.ar<\/a><\/td><\/tr><tr><td>KRUGER, Jorgelina<\/td><td><a href=\"mailto:jorkrager@abc.gob.ar\">jorkrager@abc.gob.ar<\/a><\/td><\/tr><tr><td>PEREYRA, Benjam\u00edn<\/td><td><a href=\"mailto:benjaminpereyra@abc.gob.ar\">benjaminpereyra@abc.gob.ar<\/a><\/td><\/tr><tr><td>P\u00c9REZ, Mar\u00eda Leticia<\/td><td><a href=\"mailto:marialeperez@abc.gob.ar\">marialeperez@abc.gob.ar<\/a><\/td><\/tr><tr><td>ROJO, Mayra<\/td><td><a href=\"mailto:mayrojo@abc.gob.ar\">mayrojo@abc.gob.ar<\/a><\/td><\/tr><tr><td>RUIZ, Mar\u00eda Emilia<\/td><td><a href=\"mailto:27321529351@abc.gob.ar\">27321529351@abc.gob.ar<\/a><\/td><\/tr><tr><td>SCHMIDT, Mar\u00eda Ximena<\/td><td><a href=\"mailto:mariaschmidt@abc.gob.ar\">mariaschmidt@abc.gob.ar<\/a><\/td><\/tr><\/tbody><\/table><\/figure>\n","protected":false},"excerpt":{"rendered":"<p>Regente: Sebasti\u00e1n FILIPUZZI Bibliotecaria: Anal\u00eda AGNER Preceptora: Norma GARCIA AGNER, Anal\u00eda aagner1@abc.gob.ar BONASEGLA, Graciela gbonasegla@abc.gob.ar CORT\u00c9S P\u00c9REZ, Camila camilacortes@abc.gob.ar DE LA PAZ, Mar\u00eda Gabriela mariadelapaz@abc.gob.ar FILIPUZZI, Ezequiel efilipuzzi1@abc.gob.ar FILIPUZZI, Sebasti\u00e1n sfilipuzzi@abc.gob.ar GARCIA, Norma normagarcia4@abc.gob.ar HENRICH, Delfina delfinahenrich@abc.gob.ar IRIBARREN, Sonia siribarren4@abc.gob.ar KRUGER, Jorgelina jorkrager@abc.gob.ar PEREYRA, Benjam\u00edn benjaminpereyra@abc.gob.ar P\u00c9REZ, Mar\u00eda Leticia marialeperez@abc.gob.ar ROJO, Mayra mayrojo@abc.gob.ar RUIZ, Mar\u00eda &#8230; <a title=\"Cuerpo Docente Anexo Huanguel\u00e9n\" class=\"read-more\" href=\"https:\/\/isfdyt48-bue.infd.edu.ar\/sitio\/cuerpo-docente-anexo-huanguelen\/\" aria-label=\"More on Cuerpo Docente Anexo Huanguel\u00e9n\">[+]<\/a><\/p>\n","protected":false},"author":618,"featured_media":0,"parent":0,"menu_order":0,"comment_status":"closed","ping_status":"closed","template":"","meta":[],"acf":[],"_links":{"self":[{"href":"https:\/\/isfdyt48-bue.infd.edu.ar\/sitio\/wp-json\/wp\/v2\/pages\/5688"}],"collection":[{"href":"https:\/\/isfdyt48-bue.infd.edu.ar\/sitio\/wp-json\/wp\/v2\/pages"}],"about":[{"href":"https:\/\/isfdyt48-bue.infd.edu.ar\/sitio\/wp-json\/wp\/v2\/types\/page"}],"author":[{"embeddable":true,"href":"https:\/\/isfdyt48-bue.infd.edu.ar\/sitio\/wp-json\/wp\/v2\/users\/618"}],"replies":[{"embeddable":true,"href":"https:\/\/isfdyt48-bue.infd.edu.ar\/sitio\/wp-json\/wp\/v2\/comments?post=5688"}],"version-history":[{"count":8,"href":"https:\/\/isfdyt48-bue.infd.edu.ar\/sitio\/wp-json\/wp\/v2\/pages\/5688\/revisions"}],"predecessor-version":[{"id":5698,"href":"https:\/\/isfdyt48-bue.infd.edu.ar\/sitio\/wp-json\/wp\/v2\/pages\/5688\/revisions\/5698"}],"wp:attachment":[{"href":"https:\/\/isfdyt48-bue.infd.edu.ar\/sitio\/wp-json\/wp\/v2\/media?parent=5688"}],"curies":[{"name":"wp","href":"https:\/\/api.w.org\/{rel}","templated":true}]}}